{"id":907,"date":"2015-09-06T10:10:27","date_gmt":"2015-09-06T09:10:27","guid":{"rendered":"https:\/\/photographie.heaj.be\/?page_id=907"},"modified":"2017-09-03T20:56:17","modified_gmt":"2017-09-03T19:56:17","slug":"travail-de-lexposition-2","status":"publish","type":"page","link":"https:\/\/photographie.heaj.be\/?page_id=907","title":{"rendered":"Travail de l&rsquo;exposition"},"content":{"rendered":"<h3><strong>Principe de r\u00e9ciprocit\u00e9<\/strong><\/h3>\n<p>Voici le triangle magique des photographes. Sa compr\u00e9hension vous permettra d&rsquo;obtenir l&rsquo;exposition correcte de votre image quelque soit l&rsquo;appareil que vous utilisez, dernier cri ou anc\u00eatre.<\/p>\n<p><a href=\"https:\/\/photographie.heaj.be\/wp-content\/uploads\/2015\/09\/Triangle-dexposition-01.jpg\" target=\"_blank\"><img loading=\"lazy\" decoding=\"async\" class=\"alignleft size-full wp-image-1447\" title=\"Triangle d'exposition-01\" src=\"https:\/\/photographie.heaj.be\/wp-content\/uploads\/2015\/09\/Triangle-dexposition-01.jpg\" alt=\"\" width=\"3543\" height=\"2480\" srcset=\"https:\/\/photographie.heaj.be\/wp-content\/uploads\/2015\/09\/Triangle-dexposition-01.jpg 3543w, https:\/\/photographie.heaj.be\/wp-content\/uploads\/2015\/09\/Triangle-dexposition-01-300x209.jpg 300w, https:\/\/photographie.heaj.be\/wp-content\/uploads\/2015\/09\/Triangle-dexposition-01-1024x716.jpg 1024w\" sizes=\"auto, (max-width: 3543px) 100vw, 3543px\" \/><\/a><\/p>\n<p><strong>Principe de r\u00e9ciprocit\u00e9 :<\/strong>\u00a0L\u2019exposition fonctionne selon le principe de r\u00e9ciprocit\u00e9.<\/p>\n<p>Augmenter la dur\u00e9e de l\u2019exposition n\u00e9cessite de fermer le diaphragme pour que la quantit\u00e9 de lumi\u00e8re atteignant la surface sensible reste identique.<\/p>\n<p><strong>Comprendre les r\u00e9glages de l&rsquo;exposition<\/strong><\/p>\n<p>R\u00e9aliser une photographie parfaitement expos\u00e9e correspond \u00e0 un principe simple, celui d&rsquo;amener \u00e0 la surface photosensible\u00a0la juste quantit\u00e9 de lumi\u00e8re pour obtenir la bonne exposition et d&rsquo;\u00e9viter de surexposer ou de sous-exposer. L&rsquo;analyse d&rsquo;une action simple, celle de remplir un seau d&rsquo;eau va nous permettre la bonne compr\u00e9hension du travail d&rsquo;exposition. Notre challenge est ici de remplir, compl\u00e8tement et sans que celui-ci ne d\u00e9borde, un r\u00e9cipient d&rsquo;une certaine contenance. Allons-y pour un peu de plomberie&#8230;<\/p>\n<p>Remplissage d&rsquo;un seau d&rsquo;une contenance de 10 litres. Nous\u00a0ouvrons le robinet et nous le fermons juste avant que le seau ne d\u00e9borde.<\/p>\n<ol>\n<li>Si nous avions laisser le seau d\u00e9border, nous aurions obtenu une surexposition de la surface sensible -&gt; cas d&rsquo;une\u00a0<strong>surexposition;<\/strong><\/li>\n<li>si nous avions ferm\u00e9 le robinet trop t\u00f4t, le seau trop peu rempli nous donnerait une sous-exposition de la surface sensible -&gt; cas d&rsquo;une\u00a0<strong>sous-exposition;<\/strong><\/li>\n<li>nous avons ferm\u00e9 le robinet au bon moment, nous obtenons le juste remplissage de la surface sensible -&gt; cas d&rsquo;une\u00a0<strong>exposition correcte.<\/strong><\/li>\n<\/ol>\n<p>Une notion de temps de remplissage appara\u00eet d\u00e8s \u00e0 pr\u00e9sent. Pour un remplissage du seau 10 litres mais en deux fois moins rapide, il suffit de d&rsquo;ouvrir le robinet \u00e0 moiti\u00e9.<\/p>\n<p>Nous pouvons dire alors que pour chacune des positions d&rsquo;ouverture du robinet, il y aura en cons\u00e9quence un temps de remplissage correspondant.\u00a0Les photographes nomment\u00a0<strong>ouverture du diaphragme, la position \u00e0 laquelle on d\u00e9cide d&rsquo;ouvrir le m\u00e9canisme du diaphragme,\u00a0<\/strong>donc la position \u00e0 laquelle on ouvre le robinet.<\/p>\n<p>De m\u00eame, pour chacun des temps de remplissage choisis, il nous faudra trouver l&rsquo;ouverture n\u00e9cessaire.\u00a0Les photographes nomment\u00a0<strong>vitesse d&rsquo;obturation, le temps pendant lequel on choisi d&rsquo;ouvrir le m\u00e9canisme de\u00a0l&rsquo;obturateur,\u00a0<\/strong>donc\u00a0le temps pendant lequel on ouvre le robinet.<\/p>\n<p>On dispose en plus de la possibilit\u00e9 de faire varier les chiffres n\u00e9cessaires \u00e0 cet \u00e9quilibre en faisant le choix de remplir tour \u00e0 tour des r\u00e9cipients de diff\u00e9rentes contenances. Les photographes nomment\u00a0<strong>sensibilit\u00e9, la r\u00e9activit\u00e9 de la surface sensible \u00e0 la lumi\u00e8re,\u00a0<\/strong>donc la facult\u00e9 qu&rsquo;a le capteur \u00e0 r\u00e9agir lentement ou rapidement \u00e0 la lumi\u00e8re. Cette \u00e9chelle de sensibilit\u00e9 permet de retrouver\u00a0l&rsquo;\u00e9quilibre id\u00e9al entre les deux r\u00e9glages pr\u00e9c\u00e9dents (ouverture et vitesse) et ainsi obtenir toujours une exposition correcte m\u00eame dans le cas de p\u00e9nurie ou au contraire de surabondance de lumi\u00e8re.<\/p>\n<p>En r\u00e9sum\u00e9 :<\/p>\n<ul>\n<li>Les facteurs qui influent sur le remplissage sont :<\/li>\n<\/ul>\n<ol>\n<li>la quantit\u00e9 de liquide disponible dans la cuve principale;<\/li>\n<li>l&rsquo;ouverture du robinet par lequel on d\u00e9verse le liquide;<\/li>\n<li>la dur\u00e9e possible de remplissage;<\/li>\n<li>la dimension du r\u00e9cipient choisi.<\/li>\n<\/ol>\n<ul>\n<li>\u00a0Par analogie :<\/li>\n<\/ul>\n<ol>\n<li>la lumi\u00e8re ambiante<\/li>\n<li>l&rsquo;ouverture du diaphragme<\/li>\n<li>la vitesse d&rsquo;obturation<\/li>\n<li>la sensibilit\u00e9 du capteur<\/li>\n<\/ol>\n<div><span style=\"font-size: 16px; line-height: 24px;\">\u00a0<\/span><\/div>\n<div><span style=\"font-size: 16px; line-height: 24px;\"><a href=\"https:\/\/photographie.heaj.be\/wp-content\/uploads\/2015\/09\/sousetsurex1.jpg\" target=\"_blank\"><img loading=\"lazy\" decoding=\"async\" class=\"alignleft size-full wp-image-1449\" title=\"sousetsurex\" src=\"https:\/\/photographie.heaj.be\/wp-content\/uploads\/2015\/09\/sousetsurex1.jpg\" alt=\"\" width=\"3543\" height=\"2480\" srcset=\"https:\/\/photographie.heaj.be\/wp-content\/uploads\/2015\/09\/sousetsurex1.jpg 3543w, https:\/\/photographie.heaj.be\/wp-content\/uploads\/2015\/09\/sousetsurex1-300x209.jpg 300w, https:\/\/photographie.heaj.be\/wp-content\/uploads\/2015\/09\/sousetsurex1-1024x716.jpg 1024w\" sizes=\"auto, (max-width: 3543px) 100vw, 3543px\" \/><\/a><\/span><\/div>\n<p><strong>Ouverture, vitesse et ISO<\/strong><\/p>\n<p class=\"p1\"><span class=\"s1\">Si le\u00a0triangle de l\u2019exposition est la repr\u00e9sentation de la relation existant entre les trois principaux composants de l\u2019exposition ISO &#8211; la vitesse d\u2019obturation &#8211; l\u2019ouverture du diaphragme, il faut savoir comment ces trois composants interagissent dans la\u00a0r\u00e9alisation d&rsquo;une photographie.\u00a0Le sch\u00e9ma de l&rsquo;exposition peut \u00eatre vu d&rsquo;une autre fa\u00e7on.<\/span><\/p>\n<p><a href=\"https:\/\/photographie.heaj.be\/wp-content\/uploads\/2016\/01\/Exposition_triangle_exemple-01-01.jpg\" target=\"_blank\"><img loading=\"lazy\" decoding=\"async\" class=\"alignleft size-full wp-image-1454\" title=\"Exposition_triangle_exemple-01-01\" src=\"https:\/\/photographie.heaj.be\/wp-content\/uploads\/2016\/01\/Exposition_triangle_exemple-01-01.jpg\" alt=\"\" width=\"3543\" height=\"2480\" srcset=\"https:\/\/photographie.heaj.be\/wp-content\/uploads\/2016\/01\/Exposition_triangle_exemple-01-01.jpg 3543w, https:\/\/photographie.heaj.be\/wp-content\/uploads\/2016\/01\/Exposition_triangle_exemple-01-01-300x209.jpg 300w, https:\/\/photographie.heaj.be\/wp-content\/uploads\/2016\/01\/Exposition_triangle_exemple-01-01-1024x716.jpg 1024w\" sizes=\"auto, (max-width: 3543px) 100vw, 3543px\" \/><\/a><\/p>\n<p>Celui propos\u00e9 ci dessous devrait vous permettre de visualiser les \u00ab\u00a0effets\u00a0\u00bb que l&rsquo;on peut obtenir en prenant la peine de g\u00e9rer les param\u00e8tres d&rsquo;ouverture, vitesse et sensibilit\u00e9\u00a0et d&rsquo;\u00e9viter ainsi quelques d\u00e9convenues.<\/p>\n<p><strong>ISO (International\u00a0<strong>Organisation for Standardization<\/strong>)<\/strong>\u00a0: Unit\u00e9 utilis\u00e9e pour exprimer la sensibilit\u00e9 du film ou de celle du capteur en photographie num\u00e9rique.<\/p>\n<p class=\"p1\"><span class=\"s1\">Le r\u00e9glage des ISO permet de d\u00e9finir le niveau de sensibilit\u00e9 de votre capteur et donc sa r\u00e9activit\u00e9 \u00e0 la lumi\u00e8re. Cette valeur est d\u00e9termin\u00e9e par un chiffre : plus il est bas, plus la sensibilit\u00e9 est faible; plus il est \u00e9lev\u00e9, plus la sensibilit\u00e9 est haute. Selon le mod\u00e8le de votre appareil photo, les chiffres les moins \u00e9lev\u00e9s peuvent \u00eatre 50, 100, 200 et les plus \u00e9lev\u00e9s peuvent atteindre 25600, 51200, 102400.<\/span><\/p>\n<p class=\"p1\"><span class=\"s1\">A chaque fois que vous augmentez le niveau de sensibilit\u00e9, le capteur est deux fois plus sensible \u00e0 la lumi\u00e8re (ISO 100 \u00e0 ISO 200, ISO 200 \u00e0 ISO 400, ISO 400 \u00e0 800,\u2026). Cela signifie que votre capteur aura besoin de moiti\u00e9 moins de lumi\u00e8re pour r\u00e9aliser la m\u00eame exposition et cela \u00e0 chaque augmentation du niveau de la sensibilit\u00e9.<\/span><\/p>\n<p class=\"p1\"><span class=\"s1\">Cette suite de chiffres, 100, 200, 400, 800, 1600, 3200, 6400, 12800, 25600, 51200, 102400 est donc \u00e0 lire comme une \u00e9chelle sur laquelle chaque \u00e9chelon vous emm\u00e8nerait deux fois plus haut.<\/span><\/p>\n<p class=\"p1\"><span class=\"s1\">NB : Il faut noter que l\u2019\u00e9chelle donn\u00e9e ici est l\u2019\u00e9chelle \u00ab\u00a0historique\u00a0\u00bb, les valeurs accessibles sont actuellement plus nombreuses puisque les appareils num\u00e9riques nous offrent maintenant la possibilit\u00e9 de r\u00e9gler la sensibilit\u00e9 du capteur par incr\u00e9ments de tiers de valeurs.\u00a0<\/span><\/p>\n<p class=\"p1\"><span class=\"s1\">Conna\u00eetre et comprendre le r\u00e9glage des ISO est utile pour les photographes. Ce r\u00e9glage doit \u00eatre \u00e9tabli en fonction de la quantit\u00e9 de lumi\u00e8re disponible. On abaisse la sensibilit\u00e9 du capteur lorsque la quantit\u00e9 de lumi\u00e8re disponible est grande, on l\u2019augmente si elle est faible. Il est toutefois n\u00e9cessaire d\u2019\u00eatre attentif \u00e0 ce que l\u2019on consid\u00e8re \u00eatre une faible quantit\u00e9 de lumi\u00e8re. Un \u00e9clairage de rue en ville la nuit peut apporter une quantit\u00e9 de lumi\u00e8re suffisante pour y travailler \u00e0 des sensibilit\u00e9 moyennes, voire peu \u00e9lev\u00e9es en concentrant son cadrage sur les zones de lumi\u00e8re les plus fortes.<\/span><\/p>\n<p class=\"p1\"><span class=\"s1\">C\u2019est bien le r\u00e9glage des ISO que tout photographe op\u00e8re en premier sur son bo\u00eetier. Il permet de mieux g\u00e9rer les effets qu\u2019il souhaite int\u00e9grer \u00e0 son image : des effets d\u2019\u00e9criture de mouvement gr\u00e2ce \u00e0 la gestion de la vitesse d\u2019ouverture, des effets li\u00e9s \u00e0 la profondeur<span class=\"Apple-converted-space\">\u00a0\u00a0<\/span>de champs li\u00e9s \u00e0 la gestion du r\u00e9glage de l\u2019ouverture. Une fois que vous avez compris comment tirer parti du r\u00e9glages des ISO, vous pouvez tenter quelques exp\u00e9riences en cr\u00e9ant des variantes d\u2019effets \u00e0 la prise de vue.<\/span><\/p>\n<p class=\"p1\"><span class=\"s1\">A retenir comme base : Les r\u00e9glages d\u2019ouverture de diaphragme et de vitesse d\u2019obturation d\u00e9pendent du r\u00e9glage de sensibilit\u00e9 mis en place pour la prise de vue.<\/span><\/p>\n<p><strong>Av (Aperture value)<\/strong>\u00a0: indicateur de la valeur l&rsquo;ouverture du diaphragme. Repr\u00e9sent\u00e9e dans certaines marques par l&rsquo;abr\u00e9viation A facilement confondue avec le A de Auto.<\/p>\n<p class=\"p1\"><span class=\"s1\">Le r\u00e9glage d\u2019ouverture du diaphragme concerne le contr\u00f4le de la quantit\u00e9 de lumi\u00e8re que re\u00e7oit le capteur de votre APN.<span class=\"Apple-converted-space\">\u00a0\u00a0<\/span>Le diaphragme est ce \u00ab\u00a0robinet\u00a0\u00bb qui permet de faire entrer une quantit\u00e9 choisie de lumi\u00e8re dans la camera obscura. Si vous observer de pr\u00e8s l\u2019objectif de votre appareil photo, vous discernerez \u00e0 l\u2019int\u00e9rieur un iris constitu\u00e9 de lamelles permettant de contr\u00f4ler la dimension du st\u00e9nop\u00e9 par lequel entre la lumi\u00e8re dans votre camera obscura. En man\u0153uvrant la bague de l\u2019ouverture et\/ou en exploitant vos mollettes de r\u00e9glages vous augmentez ou r\u00e9duisez la dimension du trou et par la m\u00eame la quantit\u00e9 de lumi\u00e8re p\u00e9n\u00e9trant \u00e0 l\u2019int\u00e9rieur de la bo\u00eete.<\/span><\/p>\n<p class=\"p1\"><span class=\"s1\">Le r\u00e9glage de l\u2019ouverture s\u2019\u00e9tablit sur une \u00e9chelle de valeurs appel\u00e9es \u00ab\u00a0f-stop\u00a0\u00bb dans le langage courant des photographes. Les valeurs les plus courantes pour le f-stop sont 1.4, 1.8, 2.0, 2.8, 3.5, 4, 5.6, 8, 11, 16 et 22. Cette \u00e9chelle peut s\u2019\u00e9tendre selon la construction et le format de bo\u00eetier auquel votre objectif est destin\u00e9.<\/span><\/p>\n<p>NB : Il faut noter que l\u2019\u00e9chelle donn\u00e9e ici est l\u2019\u00e9chelle \u00ab\u00a0historique\u00a0\u00bb, les valeurs accessibles sont actuellement plus nombreuses puisque les appareils num\u00e9riques nous offrent maintenant la possibilit\u00e9 de r\u00e9gler l\u2019ouverture du diaphragme par incr\u00e9ments de tiers de valeurs.<\/p>\n<p class=\"p1\"><span class=\"s1\">Lorsque vous ajustez l\u2019ouverture, tenez compte que :<\/span><\/p>\n<ul class=\"ul1\">\n<li class=\"li1\"><span class=\"s1\">plus le chiffre choisi est grand plus l\u2019ouverture est petite (la quantit\u00e9 de lumi\u00e8re atteignant votre capteur est donc r\u00e9duite)<\/span><\/li>\n<\/ul>\n<ul class=\"ul1\">\n<li class=\"li1\"><span class=\"s1\">plus le chiffre choisi est petit plus l\u2019ouverture est grande (la quantit\u00e9 de lumi\u00e8re p\u00e9n\u00e9trant dans le syst\u00e8me est importante)<\/span><\/li>\n<\/ul>\n<p class=\"p1\"><span class=\"s1\">Retenez en premier qu\u2019en ajustant la valeur d\u2019ouverture juste d\u2019un diaphragme, vous doublez ou vous diminuez la quantit\u00e9 de lumi\u00e8re p\u00e9n\u00e9trant dans la chambre.<\/span><\/p>\n<p class=\"p1\"><span class=\"s1\">Exemple : En passant du f-stop 5.6 au f-stop 8, vous doublez la quantit\u00e9; en passant de la valeur 8 \u00e0 celle de 5.6, vous r\u00e9duisez la quantit\u00e9 par deux.<\/span><\/p>\n<p class=\"p1\"><span class=\"s1\">La bonne compr\u00e9hension du r\u00e9glage de l\u2019ouverture permet une meilleure gestion de la profondeur de champ.<\/span><\/p>\n<p class=\"p1\"><span class=\"s1\">La profondeur de champ est l\u2019\u00e9tendue de la zone vue comme nette sur une photo.<\/span><\/p>\n<p class=\"p1\"><span class=\"s1\">La zone de nettet\u00e9 s\u2019\u00e9tablit de part et d\u2019autre du point de mise au point r\u00e9alis\u00e9 sur le sujet principal. Cette zone de nettet\u00e9 est g\u00e9n\u00e9r\u00e9e dans une proportion d\u2019un tiers \u00e0 l\u2019avant du sujet et de deux tiers \u00e0 l\u2019arri\u00e8re du sujet.<\/span><\/p>\n<p class=\"p1\"><span class=\"s1\">La fa\u00e7on dont vous r\u00e9glez votre ouverture de diaphragme influe donc imm\u00e9diatement sur la repr\u00e9sentation du contenu de votre image.<\/span><\/p>\n<p class=\"p1\"><span class=\"s1\">Lorsque vous ajustez l\u2019ouverture, tenez \u00e9galement compte que :<\/span><\/p>\n<ul class=\"ul1\">\n<li class=\"li1\"><span class=\"s1\">plus le chiffre choisi est grand, plus la profondeur de champ est r\u00e9duite. Avant plan et arri\u00e8re plan seront flous.<\/span><\/li>\n<\/ul>\n<ul class=\"ul1\">\n<li class=\"li1\"><span class=\"s1\">plus le chiffre choisi est petit, plus la profondeur de champ est grande. Avant plan et arri\u00e8re plan seront nets.<span class=\"Apple-converted-space\">\u00a0 \u00a0 \u00a0 \u00a0<\/span><\/span><\/li>\n<\/ul>\n<p class=\"p1\"><span class=\"s1\">Si vous voulez contr\u00f4ler l\u2019ouverture du diaphragme manuellement, passez sur le mode de travail \u00ab\u00a0Priorit\u00e9 ouverture\u00a0\u00bb symbolis\u00e9 par la lettre Av ou A de votre molette de contr\u00f4le des modes de travail.<\/span><\/p>\n<p class=\"p1\"><span class=\"s1\">L\u2019essentiel est de pratiquer r\u00e9guli\u00e8rement jusqu\u2019\u00e0 ce que les diff\u00e9rentes possibilit\u00e9s offertes par le r\u00e9glages de l\u2019ouverture du diaphragme vous soient famili\u00e8res et que vous produisiez l\u2019image que vous souhaitez produire.<\/span><\/p>\n<p><strong>Tv (Time value)<\/strong>\u00a0: indicateur de la valeur de la vitesse d&rsquo;obturation. Repr\u00e9sent\u00e9e dans certaines marques par l&rsquo;abr\u00e9viation S pour Speed.<\/p>\n<p class=\"p1\"><span class=\"s1\">Pour les photographes travaillant en priorit\u00e9 \u00e0 la vitesse qu\u2019y a-t-il d\u2019aussi important que la vitesse d\u2019obturation ? Tout le reste bien s\u00fbr ! Ce m\u00e9canisme n\u2019est en rien ind\u00e9pendant des r\u00e9glages ISO et ouverture mais la gestion des vitesses d\u2019obturation permet la cr\u00e9ation d\u2019effets li\u00e9s au mouvement des sujets photographi\u00e9s.<\/span><\/p>\n<p class=\"p1\"><span class=\"s1\">A chaque fois que vous d\u00e9clenchez, une porte s\u2019ouvre et se ferme devant votre capteur num\u00e9rique. L\u2019obturateur de votre appareil est le m\u00e9canisme que vous entendez op\u00e9rer lors du d\u00e9clenchement. Le son produit vous permet de savoir que votre photo vient d\u2019\u00eatre r\u00e9alis\u00e9e. L\u2019obturateur est le dispositif qui d\u00e9termine le temps pendant lequel votre capteur est expos\u00e9 \u00e0 la lumi\u00e8re.<\/span><\/p>\n<p class=\"p1\"><span class=\"s1\">Important : En d\u2019autres mots, si l\u2019ouverture permet de contr\u00f4ler la quantit\u00e9 de lumi\u00e8re qui entre dans la camera obscura, l\u2019obturateur permet de fixer le temps pendant lequel la lumi\u00e8re peut atteindre votre capteur. La vitesse d\u2019obturation est mesur\u00e9e en secondes et en fractions de seconde. Si vous utilisez une vitesse de 1\/60s, le temps pendant lequel la lumi\u00e8re atteint votre capteur est d\u2019un soixanti\u00e8me de seconde. Il est utile de retenir que plus le chiffre qui suit la fraction est grand, plus le temps d\u2019exposition est court.<\/span><\/p>\n<p class=\"p1\"><span class=\"s1\">Le r\u00e9glage du temps d\u2019exposition s\u2019\u00e9tablit sur une \u00e9chelle de valeurs appel\u00e9es \u00ab\u00a0Vitesses\u00a0\u00bb dans le langage courant des photographes. Les valeurs les plus courantes sont B, 30s, 15s, 5s, 2s, 1s, 1\/2s, 1\/4s, 1\/8s, 1\/15s, 1\/30s, 1\/60s, 1\/125s, 1\/250s, 1\/500s, 1\/1000s, 1\/2000s, 1\/4000s, 1\/8000s. Les valeurs les plus courtes se retrouvent le plus souvent sur des appareils semi-professionnels et professionnels.<\/span><\/p>\n<p class=\"p1\"><span class=\"s1\">Voyez qu\u2019en ajustant la valeur de vitesse juste d\u2019un \u00e9chelon, vous doublez ou vous diminuez le temps\u00a0pendant lequel la lumi\u00e8re p\u00e9n\u00e8tre dans la chambre.<\/span><\/p>\n<p class=\"p1\"><span class=\"s1\">Exemple : En passant de l&rsquo;\u00e9chelon 1\/30s\u00a0\u00e0 celui de 1\/15s, vous doublez le temps de pose; en passant de la valeur 1\/15s\u00a0\u00e0 celle de 1\/60s, vous r\u00e9duisez de temps de pose par deux.<\/span><\/p>\n<p class=\"p1\"><span class=\"s1\">NB : Il faut noter que l\u2019\u00e9chelle donn\u00e9e ici est l\u2019\u00e9chelle \u00ab\u00a0historique\u00a0\u00bb, les valeurs accessibles sont actuellement plus nombreuses puisque les appareils num\u00e9riques nous offrent maintenant la possibilit\u00e9 de r\u00e9gler la vitesse par incr\u00e9ments de tiers de valeurs.<\/span><\/p>\n<p class=\"p1\"><span class=\"s1\">Si vous voulez contr\u00f4ler la vitesse d\u2019obturation manuellement, passez sur le mode de travail \u00ab\u00a0Priorit\u00e9 vitesse\u00a0\u00bb symbolis\u00e9 par la lettre Tv ou S de votre molette de contr\u00f4le des modes de travail.<\/span><\/p>\n<p class=\"p1\"><span class=\"s1\">Lorsque vous serez \u00e0 l\u2019aise avec l\u2019utilisation des vitesses d\u2019obturation, il vous sera ais\u00e9 de g\u00e9n\u00e9rer des effets li\u00e9s \u00e0 leur usage et ainsi exploiter votre bo\u00eetier de fa\u00e7on plus cr\u00e9ative en \u00e9crivant ou en figeant votre sujet dans son mouvement si vous le souhaitez.<\/span><\/p>\n<p class=\"p1\"><strong><span class=\"s1\">Conclusion<\/span><\/strong><\/p>\n<p class=\"p1\"><span class=\"s1\">Combiner les r\u00e9glages ISO, ouverture et vitesse r\u00e9sulte de la volont\u00e9 du photographe d\u2019obtenir un r\u00e9glage ad\u00e9quat en vue d\u2019obtenir une exposition correcte (un clich\u00e9 exploitable en post-production) tout en g\u00e9n\u00e9rant une esth\u00e9tique ad\u00e9quate et sp\u00e9cifique dans l\u2019image envisag\u00e9e.<\/span><\/p>\n<p class=\"p1\"><span class=\"s1\">Ecrire avec la lumi\u00e8re est en fait un challenge\u2026 Les d\u00e9cisions prises par le photographe en mati\u00e8re de gestion de la<span class=\"Apple-converted-space\">\u00a0\u00a0<\/span>profondeur de champ et des effets de vitesse donneront d\u2019\u00e9normes diff\u00e9rences entre deux clich\u00e9s d\u2019un m\u00eame sujet. C\u2019est ici que le photographe fait la diff\u00e9rence avec ses coll\u00e8gues. Evidemment, la pratique reste le seul moyen d\u2019apprendre \u00e0 tout \u00e2ge. Donc, n\u2019oubliez pas de pratiquer !<\/span><\/p>\n<p>Ci-dessous un r\u00e9sum\u00e9 des effets li\u00e9es aux r\u00e9glages par valeurs de diaphragme, vitesses d&rsquo;obturation et r\u00e9glages de sensibilit\u00e9.<\/p>\n<p><a href=\"https:\/\/photographie.heaj.be\/wp-content\/uploads\/2016\/01\/Exposition_triangle_exemple_tab-02-01.jpg\" target=\"_blank\"><img loading=\"lazy\" decoding=\"async\" class=\"alignleft size-full wp-image-1463\" title=\"Exposition_triangle_exemple_tab-02-01\" src=\"https:\/\/photographie.heaj.be\/wp-content\/uploads\/2016\/01\/Exposition_triangle_exemple_tab-02-01.jpg\" alt=\"\" width=\"3543\" height=\"2480\" srcset=\"https:\/\/photographie.heaj.be\/wp-content\/uploads\/2016\/01\/Exposition_triangle_exemple_tab-02-01.jpg 3543w, https:\/\/photographie.heaj.be\/wp-content\/uploads\/2016\/01\/Exposition_triangle_exemple_tab-02-01-300x209.jpg 300w, https:\/\/photographie.heaj.be\/wp-content\/uploads\/2016\/01\/Exposition_triangle_exemple_tab-02-01-1024x716.jpg 1024w\" sizes=\"auto, (max-width: 3543px) 100vw, 3543px\" \/><\/a><\/p>\n<p>A lire \u00e9galement :\u00a0<a href=\"http:\/\/www.exposureguide.com\/exposure.htm\" target=\"_blank\">http:\/\/www.exposureguide.com\/exposure.htm<\/a><\/p>\n","protected":false},"excerpt":{"rendered":"<p>Principe de r\u00e9ciprocit\u00e9 Voici le triangle magique des photographes. Sa compr\u00e9hension vous permettra d&rsquo;obtenir l&rsquo;exposition correcte de votre image quelque soit l&rsquo;appareil que vous utilisez, dernier cri ou anc\u00eatre. Principe de r\u00e9ciprocit\u00e9 :\u00a0L\u2019exposition fonctionne selon le principe de r\u00e9ciprocit\u00e9. Augmenter &hellip; <a href=\"https:\/\/photographie.heaj.be\/?page_id=907\">Continuer la lecture <span class=\"meta-nav\">&rarr;<\/span><\/a><\/p>\n","protected":false},"author":1,"featured_media":0,"parent":0,"menu_order":0,"comment_status":"closed","ping_status":"closed","template":"","meta":{"footnotes":""},"class_list":["post-907","page","type-page","status-publish","hentry"],"_links":{"self":[{"href":"https:\/\/photographie.heaj.be\/index.php?rest_route=\/wp\/v2\/pages\/907","targetHints":{"allow":["GET"]}}],"collection":[{"href":"https:\/\/photographie.heaj.be\/index.php?rest_route=\/wp\/v2\/pages"}],"about":[{"href":"https:\/\/photographie.heaj.be\/index.php?rest_route=\/wp\/v2\/types\/page"}],"author":[{"embeddable":true,"href":"https:\/\/photographie.heaj.be\/index.php?rest_route=\/wp\/v2\/users\/1"}],"replies":[{"embeddable":true,"href":"https:\/\/photographie.heaj.be\/index.php?rest_route=%2Fwp%2Fv2%2Fcomments&post=907"}],"version-history":[{"count":42,"href":"https:\/\/photographie.heaj.be\/index.php?rest_route=\/wp\/v2\/pages\/907\/revisions"}],"predecessor-version":[{"id":2334,"href":"https:\/\/photographie.heaj.be\/index.php?rest_route=\/wp\/v2\/pages\/907\/revisions\/2334"}],"wp:attachment":[{"href":"https:\/\/photographie.heaj.be\/index.php?rest_route=%2Fwp%2Fv2%2Fmedia&parent=907"}],"curies":[{"name":"wp","href":"https:\/\/api.w.org\/{rel}","templated":true}]}}