{"id":426,"date":"2013-12-03T15:41:08","date_gmt":"2013-12-03T14:41:08","guid":{"rendered":"https:\/\/photographie.heaj.be\/?page_id=426"},"modified":"2014-02-26T14:46:41","modified_gmt":"2014-02-26T13:46:41","slug":"selon-les-marques","status":"publish","type":"page","link":"https:\/\/photographie.heaj.be\/?page_id=426","title":{"rendered":"Selon les marques&#8230;"},"content":{"rendered":"<p>Abr\u00e9viations sur les objectifs (selon les marques) :<\/p>\n<p><strong>AF<\/strong> (Nikon) : Objectifs autofocus.<\/p>\n<p><strong>AF-D<\/strong> (Nikon) : Calcul de la distance du sujet pour le flash, le D est pr\u00e9cis\u00e9 apr\u00e8s le rapport d&rsquo;ouverture sur les objectifs.<\/p>\n<p><strong>AF-S<\/strong> (Nikon) : Objectif incluant un moteur facilitant la MAP.<\/p>\n<p><strong>AI<\/strong> (Nikon) : Objectifs manuels compatibles avec les bo\u00eetiers actuels, sauf pour la mesure de lumi\u00e8re sur D40\/50\/60\/80\/90\/100\/1 qui sont donc cantonn\u00e9s au mode M. Les autres bo\u00eetiers D200\/300\/700\/2\/3 font la mesure de lumi\u00e8re avec ces cailloux et peuvent donc utiliser A, S, P et M.<\/p>\n<p><strong>ASPH<\/strong> (Nikon) : Objectif utilisant un verre asph\u00e9rique.<\/p>\n<p><strong>APO<\/strong>\u00a0(Sigma) : Les objectifs APO pour apochromatique sont des t\u00e9l\u00e9objectifs et t\u00e9l\u00e9-zooms qui poss\u00e8dent une formule optique sp\u00e9cifique et utilisent des verres sp\u00e9ciaux \u00e0 faible dispersion pour am\u00e9liorer leur performance. Sur les longues focales, ils corrigent les aberrations de diffraction et de r\u00e9fraction des couleurs fondamentales. Les images sont plus contrast\u00e9es, plus piqu\u00e9es et offre un meilleur rendu de couleurs.<\/p>\n<p><strong>ED<\/strong> (Nikon) : Objectif utilisant un verre apochromatique.<\/p>\n<p><strong>EF<\/strong>\u00a0(Canon) : Monture classique compatible avec le 24&#215;36 et les formats APS-C (plus petits).<\/p>\n<p><strong>EF-S<\/strong>\u00a0(Canon) : Monture propre aux objectifs d\u00e9di\u00e9s aux capteurs APS-C ne couvrent pas les FF. (Ex: EF-S 18-55 II se montant sur un EOS400D ou 30D mais pas sur un 5D.)<\/p>\n<p><strong>EX\u00a0<\/strong>(Sigma) : Les objectifs et zooms EX sont destin\u00e9s aux photographes professionnels et aux amateurs exigeants. Leur conception et la qualit\u00e9 de leur r\u00e9alisation en font des objectifs d&rsquo;exception.<\/p>\n<p><strong>DC<\/strong>\u00a0(Sigma) : Les zooms Sigma DC ont \u00e9t\u00e9 sp\u00e9cialement con\u00e7us pour r\u00e9pondre aux caract\u00e9ristiques et aux exigences des bo\u00eetiers num\u00e9riques les plus courants dont le capteur a une taille inf\u00e9rieure ou \u00e9gale au format APS-C : 25,2mm x 16,7mm (diagonale = 30,23mm).<\/p>\n<p><strong>DG<\/strong>\u00a0(Sigma) : Les objectifs DG sont optimis\u00e9s pour une utilisation avec les bo\u00eetiers reflex num\u00e9riques. Leur traitement optique am\u00e9liore le rendu colorim\u00e9trique, tout en r\u00e9duisant les lumi\u00e8res diffuses li\u00e9es aux r\u00e9flexions de la lumi\u00e8re sur le capteur, et corrige particuli\u00e8rement bien l&rsquo;aberration chromatique lat\u00e9rale (chromatisme de grandeur).<\/p>\n<p><strong>DX<\/strong> (Nikon) : Objectif\u00a0 adapt\u00e9 pour les capteurs 16x24mm.<\/p>\n<p><strong>DC<\/strong> : Defocus Control.<\/p>\n<p><strong>G<\/strong> (Nikon) : Pas de bague d&rsquo;ouverture sur l&rsquo;objectif.<\/p>\n<p><strong>IF<\/strong> (Nikon) : Objectif avec mise au point interne. Ne tourne pas le filtre lors de la MAP.<\/p>\n<p><strong>IS<\/strong>\u00a0(Canon) : Image Stabilizer. Stabilisateur optique d&rsquo;image permettant de gagner 3 \u00e0 4 vitesses d&rsquo;obturation en moyenne.<\/p>\n<p><strong>L<\/strong> (Canon) : S\u00e9rie \u00ab\u00a0Luxury\u00a0\u00bb propre \u00e0 la s\u00e9rie pro des objectifs Canon. Ils se caract\u00e9risent par une construction superbe et anti-ruissellement, l&rsquo;USM pour tous, l&rsquo;IS pour certains mod\u00e8les, mais surtout une qualit\u00e9 optique exceptionnelle avec un range et une ouverture souvent appropri\u00e9s aux besoins des professionnels.<\/p>\n<p><strong>HSM<\/strong>\u00a0(Sigma) : Hyper Sonic Motor. Dans les objectifs \u00e0 motorisation HSM, l&rsquo;autofocus est activ\u00e9 par un moteur \u00e0 ultra-sons int\u00e9gr\u00e9 \u00e0 l&rsquo;objectif. Ceci assure une mise au point tr\u00e8s rapide et silencieuse, et permet une retouche manuelle permanente.<\/p>\n<p><strong>USM<\/strong>\u00a0(Canon) : UltraSonic Motor. signifie que l&rsquo;AF est ultrasonic et g\u00e9n\u00e9ralement compatible avec la retouche manuelle du point (pas besoin de d\u00e9brayer l&rsquo;AF pour effectuer une MAP manuelle).<\/p>\n<p><strong>VR<\/strong> (Nikon+Sigma) : Vibrations Reduction.\u00a0 Stabilisateur optique d&rsquo;image. R\u00e9duction des vibrations.<\/p>\n","protected":false},"excerpt":{"rendered":"<p>Abr\u00e9viations sur les objectifs (selon les marques) : AF (Nikon) : Objectifs autofocus. AF-D (Nikon) : Calcul de la distance du sujet pour le flash, le D est pr\u00e9cis\u00e9 apr\u00e8s le rapport d&rsquo;ouverture sur les objectifs. AF-S (Nikon) : Objectif &hellip; <a href=\"https:\/\/photographie.heaj.be\/?page_id=426\">Continuer la lecture <span class=\"meta-nav\">&rarr;<\/span><\/a><\/p>\n","protected":false},"author":1,"featured_media":0,"parent":0,"menu_order":0,"comment_status":"closed","ping_status":"closed","template":"","meta":{"footnotes":""},"class_list":["post-426","page","type-page","status-publish","hentry"],"_links":{"self":[{"href":"https:\/\/photographie.heaj.be\/index.php?rest_route=\/wp\/v2\/pages\/426","targetHints":{"allow":["GET"]}}],"collection":[{"href":"https:\/\/photographie.heaj.be\/index.php?rest_route=\/wp\/v2\/pages"}],"about":[{"href":"https:\/\/photographie.heaj.be\/index.php?rest_route=\/wp\/v2\/types\/page"}],"author":[{"embeddable":true,"href":"https:\/\/photographie.heaj.be\/index.php?rest_route=\/wp\/v2\/users\/1"}],"replies":[{"embeddable":true,"href":"https:\/\/photographie.heaj.be\/index.php?rest_route=%2Fwp%2Fv2%2Fcomments&post=426"}],"version-history":[{"count":3,"href":"https:\/\/photographie.heaj.be\/index.php?rest_route=\/wp\/v2\/pages\/426\/revisions"}],"predecessor-version":[{"id":555,"href":"https:\/\/photographie.heaj.be\/index.php?rest_route=\/wp\/v2\/pages\/426\/revisions\/555"}],"wp:attachment":[{"href":"https:\/\/photographie.heaj.be\/index.php?rest_route=%2Fwp%2Fv2%2Fmedia&parent=426"}],"curies":[{"name":"wp","href":"https:\/\/api.w.org\/{rel}","templated":true}]}}