{"id":4,"date":"2011-10-02T09:12:38","date_gmt":"2011-10-02T09:12:38","guid":{"rendered":"https:\/\/photographie.heaj.be\/?page_id=4"},"modified":"2011-10-06T12:23:26","modified_gmt":"2011-10-06T12:23:26","slug":"introduction","status":"publish","type":"page","link":"https:\/\/photographie.heaj.be\/?page_id=4","title":{"rendered":"Avant propos"},"content":{"rendered":"<p>Savoir qui on est, se d\u00e9couvrir, finir par se conna\u00eetre un peu mieux, c&rsquo;est l\u00e0 le chemin de toute une vie&#8230; Se poser des questions sur sa petite personne, sur ses activit\u00e9s, sur ses passions, ses envies est on ne peut plus sain et normal\u00a0: c&rsquo;est m\u00eame salutaire. Je ne peux te dire si oui ou non tu as \u00ab\u00a0la fibre artistique\u00a0\u00bb parce que j&rsquo;avoue ne pas te conna\u00eetre assez pour le faire sereinement. De toute fa\u00e7on, mon avis n&rsquo;aurait pas plus de valeur que celui d&rsquo;un autre, tout \u00e7a n&rsquo;est essentiellement qu&rsquo;une question de go\u00fbts et de couleurs, des choses qui se discutent !<\/p>\n<p>Nous, les profs, sommes comparables aux balises, aux phares, aux points rep\u00e9rables sur la c\u00f4te, (en navigation, on les appelle des \u00ab\u00a0amers remarquables\u00a0\u00bb) que l&rsquo;on voit depuis la mer. Nous ne pouvons baliser qu&rsquo;une partie de ton chemin. Ta destination finale, nous n&rsquo;avons pas \u00e0 la choisir pour toi. Ta navigation doit rester ta navigation \u00e0 toi seul, c&rsquo;est \u00e0 toi de tracer ta route (\u00e0) fond, tu es l\u2019unique ma\u00eetre \u00e0 bord !<\/p>\n<p>Et puis, qu&rsquo;est-ce donc que cette fameuse fibre artistique dont on parle tant ? Parlons plut\u00f4t de sensibilit\u00e9. Je ne suis pas un grand cr\u00e9atif mais plut\u00f4t un grand sensible avide de partager ses passions, ses folies, ses pens\u00e9es, ses coups de c\u0153ur, ses rires et parfois aussi ses coups de blues,\u2026 Des personnes sensibles, j&rsquo;en connais beaucoup. Parmi eux, on trouve des chefs coq, des architectes, des ing\u00e9nieurs, des graphistes, des comptables, des menuisiers, des informaticiens, des musiciens, des carrossiers, des b\u00fbcherons, des photographes, des marins, des tenanciers de bistrot ! Bref, des gens qui pensent bien et utile, qui disent ce qu\u2019ils pensent et font ce qu\u2019ils disent et qui finalement sont \u00e9cout\u00e9s parce qu&rsquo;ils r\u00e9veillent la sensibilit\u00e9 qui dort chez autrui, leur tirent un sourire ou une larme, les font r\u00e9fl\u00e9chir, les sortent de leur train-train quotidien, les emp\u00eachent de tourner en rond ! Ces gens-l\u00e0 ont un point commun\u00a0: ils essayent d&rsquo;\u00eatre eux-m\u00eames et c&rsquo;est ce qu&rsquo;il y a de plus simple et de plus difficile \u00e0 la fois ! Nous sommes qui nous sommes, cela n&#8217;emp\u00eache pas d&rsquo;apprendre tous les jours, de s&rsquo;am\u00e9liorer tous les jours, d\u2019\u00e9voluer tous les jours !<\/p>\n<p>Tu es dans une situation inconfortable mais passionnante. En clair, tu es face \u00e0 toi-m\u00eame&#8230; Les choix les plus \u00e9vidents sont souvent les plus faciles \u00e0 faire. Les choix les meilleurs sont-ils les plus \u00e9vidents ? Le plus important est de rester honn\u00eate, exigeant envers sa personne, de d\u00e9cider de ne jamais choisir la facilit\u00e9, le d\u00e9couragement, la paresse de celui qui ne veut pas\/plus se donner la chance d&rsquo;apprendre, par et pour lui-m\u00eame, \u00e0 travers les autres et pour les autres. De toute fa\u00e7on, dis-toi qu&rsquo;un jour tu te devras de rendre la pareille aux autres, c&rsquo;est-\u00e0-dire mettre tes enfants, tes proches, tes coll\u00e8gues ou qui que ce soit sur le chemin de leur r\u00e9ponse ! Mais jamais, au grand jamais, ne leur donner de r\u00e9ponse. Parce qu&rsquo;il n&rsquo;y a pas qu&rsquo;une r\u00e9ponse, parce que la vie n&rsquo;est pas une v\u00e9rit\u00e9 math\u00e9matique heureusement.<\/p>\n<p>Pr\u00e9pare-toi, le mieux possible, \u00e0 faire toute ta vie ce que tu aimes faire&#8230; Et si ce que tu aimes faire devient ton m\u00e9tier et que tu nourris ta passion au quotidien alors tu auras r\u00e9ussi ta vie professionnelle. Mais pour arriver \u00e0 \u00e7a, il faut bosser dur ! Ceci doit \u00eatre le d\u00e9but de ta r\u00e9flexion !<\/p>\n<p>Alors, voil\u00e0 ! Dans quel contexte penses-tu pouvoir exprimer le mieux ta sensibilit\u00e9 ? L&rsquo;infographie ? A toi de voir ! Et qui sera le plus \u00ab\u00a0cr\u00e9atif\u00a0\u00bb de nous deux ? Moi, \u00e0 qui tu demandes de t&rsquo;amener \u00e0 te poser les bonnes questions, ou toi qui va chercher tes r\u00e9ponses ?<\/p>\n<p>&nbsp;<\/p>\n<p>Lionel<\/p>\n","protected":false},"excerpt":{"rendered":"<p>Savoir qui on est, se d\u00e9couvrir, finir par se conna\u00eetre un peu mieux, c&rsquo;est l\u00e0 le chemin de toute une vie&#8230; Se poser des questions sur sa petite personne, sur ses activit\u00e9s, sur ses passions, ses envies est on ne &hellip; <a href=\"https:\/\/photographie.heaj.be\/?page_id=4\">Continuer la lecture <span class=\"meta-nav\">&rarr;<\/span><\/a><\/p>\n","protected":false},"author":1,"featured_media":0,"parent":0,"menu_order":1,"comment_status":"open","ping_status":"open","template":"","meta":{"footnotes":""},"class_list":["post-4","page","type-page","status-publish","hentry"],"_links":{"self":[{"href":"https:\/\/photographie.heaj.be\/index.php?rest_route=\/wp\/v2\/pages\/4","targetHints":{"allow":["GET"]}}],"collection":[{"href":"https:\/\/photographie.heaj.be\/index.php?rest_route=\/wp\/v2\/pages"}],"about":[{"href":"https:\/\/photographie.heaj.be\/index.php?rest_route=\/wp\/v2\/types\/page"}],"author":[{"embeddable":true,"href":"https:\/\/photographie.heaj.be\/index.php?rest_route=\/wp\/v2\/users\/1"}],"replies":[{"embeddable":true,"href":"https:\/\/photographie.heaj.be\/index.php?rest_route=%2Fwp%2Fv2%2Fcomments&post=4"}],"version-history":[{"count":10,"href":"https:\/\/photographie.heaj.be\/index.php?rest_route=\/wp\/v2\/pages\/4\/revisions"}],"predecessor-version":[{"id":28,"href":"https:\/\/photographie.heaj.be\/index.php?rest_route=\/wp\/v2\/pages\/4\/revisions\/28"}],"wp:attachment":[{"href":"https:\/\/photographie.heaj.be\/index.php?rest_route=%2Fwp%2Fv2%2Fmedia&parent=4"}],"curies":[{"name":"wp","href":"https:\/\/api.w.org\/{rel}","templated":true}]}}