{"id":229,"date":"2012-11-01T23:43:14","date_gmt":"2012-11-01T22:43:14","guid":{"rendered":"https:\/\/photographie.heaj.be\/?page_id=229"},"modified":"2015-09-08T12:26:01","modified_gmt":"2015-09-08T11:26:01","slug":"matieres-des-cours","status":"publish","type":"page","link":"https:\/\/photographie.heaj.be\/?page_id=229","title":{"rendered":"Mati\u00e8res des cours"},"content":{"rendered":"<p>Partie du site dans laquelle vous trouverez les mati\u00e8res du cours. Toujours en construction mais d\u00e9j\u00e0 utilisable dans certaines rubriques.<\/p>\n<p>Certaines mati\u00e8res seront\u00a0dispens\u00e9es \u00e0 l&rsquo;occasion de nos rencontres, d&rsquo;autres seront \u00e0 pr\u00e9parer en vue de ces rencontres.<\/p>\n","protected":false},"excerpt":{"rendered":"<p>Partie du site dans laquelle vous trouverez les mati\u00e8res du cours. Toujours en construction mais d\u00e9j\u00e0 utilisable dans certaines rubriques. Certaines mati\u00e8res seront\u00a0dispens\u00e9es \u00e0 l&rsquo;occasion de nos rencontres, d&rsquo;autres seront \u00e0 pr\u00e9parer en vue de ces rencontres.<\/p>\n","protected":false},"author":1,"featured_media":0,"parent":0,"menu_order":0,"comment_status":"open","ping_status":"open","template":"","meta":{"footnotes":""},"class_list":["post-229","page","type-page","status-publish","hentry"],"_links":{"self":[{"href":"https:\/\/photographie.heaj.be\/index.php?rest_route=\/wp\/v2\/pages\/229","targetHints":{"allow":["GET"]}}],"collection":[{"href":"https:\/\/photographie.heaj.be\/index.php?rest_route=\/wp\/v2\/pages"}],"about":[{"href":"https:\/\/photographie.heaj.be\/index.php?rest_route=\/wp\/v2\/types\/page"}],"author":[{"embeddable":true,"href":"https:\/\/photographie.heaj.be\/index.php?rest_route=\/wp\/v2\/users\/1"}],"replies":[{"embeddable":true,"href":"https:\/\/photographie.heaj.be\/index.php?rest_route=%2Fwp%2Fv2%2Fcomments&post=229"}],"version-history":[{"count":5,"href":"https:\/\/photographie.heaj.be\/index.php?rest_route=\/wp\/v2\/pages\/229\/revisions"}],"predecessor-version":[{"id":1006,"href":"https:\/\/photographie.heaj.be\/index.php?rest_route=\/wp\/v2\/pages\/229\/revisions\/1006"}],"wp:attachment":[{"href":"https:\/\/photographie.heaj.be\/index.php?rest_route=%2Fwp%2Fv2%2Fmedia&parent=229"}],"curies":[{"name":"wp","href":"https:\/\/api.w.org\/{rel}","templated":true}]}}