{"id":2114,"date":"2016-09-18T20:54:39","date_gmt":"2016-09-18T19:54:39","guid":{"rendered":"https:\/\/photographie.heaj.be\/?page_id=2114"},"modified":"2016-09-18T21:36:37","modified_gmt":"2016-09-18T20:36:37","slug":"balance-des-blancs","status":"publish","type":"page","link":"https:\/\/photographie.heaj.be\/?page_id=2114","title":{"rendered":"Balance des blancs"},"content":{"rendered":"<p>&nbsp;<\/p>\n<p><strong>Comprendre le r\u00e9glage de la balance des Blancs<\/strong><\/p>\n<p>Voici un tableau de r\u00e9f\u00e9rence vous permettant de mieux comprendre le r\u00e9glage de la balance des blancs :<\/p>\n<p><a href=\"https:\/\/photographie.heaj.be\/wp-content\/uploads\/2016\/09\/Balance-des-blancs_72dpi.jpg\" target=\"_blank\"><img loading=\"lazy\" decoding=\"async\" class=\"alignnone wp-image-2117 size-full\" src=\"https:\/\/photographie.heaj.be\/wp-content\/uploads\/2016\/09\/Balance-des-blancs_72dpi.jpg\" alt=\"Impression\" width=\"850\" height=\"595\" srcset=\"https:\/\/photographie.heaj.be\/wp-content\/uploads\/2016\/09\/Balance-des-blancs_72dpi.jpg 850w, https:\/\/photographie.heaj.be\/wp-content\/uploads\/2016\/09\/Balance-des-blancs_72dpi-300x210.jpg 300w, https:\/\/photographie.heaj.be\/wp-content\/uploads\/2016\/09\/Balance-des-blancs_72dpi-768x538.jpg 768w\" sizes=\"auto, (max-width: 850px) 100vw, 850px\" \/><\/a><\/p>\n","protected":false},"excerpt":{"rendered":"<p>&nbsp; Comprendre le r\u00e9glage de la balance des Blancs Voici un tableau de r\u00e9f\u00e9rence vous permettant de mieux comprendre le r\u00e9glage de la balance des blancs :<\/p>\n","protected":false},"author":1,"featured_media":0,"parent":0,"menu_order":0,"comment_status":"closed","ping_status":"closed","template":"","meta":{"footnotes":""},"class_list":["post-2114","page","type-page","status-publish","hentry"],"_links":{"self":[{"href":"https:\/\/photographie.heaj.be\/index.php?rest_route=\/wp\/v2\/pages\/2114","targetHints":{"allow":["GET"]}}],"collection":[{"href":"https:\/\/photographie.heaj.be\/index.php?rest_route=\/wp\/v2\/pages"}],"about":[{"href":"https:\/\/photographie.heaj.be\/index.php?rest_route=\/wp\/v2\/types\/page"}],"author":[{"embeddable":true,"href":"https:\/\/photographie.heaj.be\/index.php?rest_route=\/wp\/v2\/users\/1"}],"replies":[{"embeddable":true,"href":"https:\/\/photographie.heaj.be\/index.php?rest_route=%2Fwp%2Fv2%2Fcomments&post=2114"}],"version-history":[{"count":7,"href":"https:\/\/photographie.heaj.be\/index.php?rest_route=\/wp\/v2\/pages\/2114\/revisions"}],"predecessor-version":[{"id":2130,"href":"https:\/\/photographie.heaj.be\/index.php?rest_route=\/wp\/v2\/pages\/2114\/revisions\/2130"}],"wp:attachment":[{"href":"https:\/\/photographie.heaj.be\/index.php?rest_route=%2Fwp%2Fv2%2Fmedia&parent=2114"}],"curies":[{"name":"wp","href":"https:\/\/api.w.org\/{rel}","templated":true}]}}