{"id":201,"date":"2012-11-01T16:03:34","date_gmt":"2012-11-01T16:03:34","guid":{"rendered":"https:\/\/photographie.heaj.be\/?page_id=201"},"modified":"2016-02-26T17:30:31","modified_gmt":"2016-02-26T16:30:31","slug":"methodologie-d%e2%80%99apprentissage-de-production-et-de-travail","status":"publish","type":"page","link":"https:\/\/photographie.heaj.be\/?page_id=201","title":{"rendered":"M\u00e9thodologie d\u2019apprentissage, de production et de travail"},"content":{"rendered":"<p>Quelques conseils&#8230;<\/p>\n<p>\u2022 Pr\u00e9sentez-vous \u00e0 l\u2019heure au cours. Suivez-le de mani\u00e8re assidue m\u00eame si vous avez d\u00e9j\u00e0 eu des cours de photographie.<\/p>\n<p>\u2022 Gardez le labo dans un \u00e9tat impeccable, prenez soin du mat\u00e9riel mis \u00e0 disposition et signalez tout dysfonctionnement.<\/p>\n<p>\u2022 Ayez votre mat\u00e9riel au complet avec vous \u00e0 chaque cours.<\/p>\n<p>\u2022 Mettez-vous au travail naturellement et ce m\u00eame sans supervision, apprenez \u00e0 \u00eatre autonome et performant, ne perdez pas votre temps.<\/p>\n<p>\u2022 Prenez la peine de lire les documentations donn\u00e9es au cours. Transcrivez dans votre carnet tout compl\u00e9ment d\u2019informations sous la forme de r\u00e9sum\u00e9s, de notes importantes, de m\u00e9mos voir m\u00eame de croquis. Prenez des notes, compl\u00e9tez-les par des informations glan\u00e9es \u00e0 diverses occasions, lors de lectures suppl\u00e9mentaires, lors de visites de mus\u00e9es ou d\u2019expositions.<\/p>\n<p>\u2022 Documentez-vous un maximum r\u00e9guli\u00e8rement, tenez-vous \u00e0 jour face aux techniques concernant les domaines de la photographie.<\/p>\n<p>\u2022 Observez\u00a0 et analysez les images publicitaires, les photos qui vous entourent. D\u00e9veloppez votre sens du regard, du cadrage,\u00a0de la profondeur de champs, des lumi\u00e8res et des formes, des proportions. Structurez l\u2019ensemble de vos observations efficacement.<\/p>\n<p>\u2022 D\u00e9veloppez le vocabulaire sp\u00e9cifique du m\u00e9tier de photographe. Celui-ci vous permettra d&rsquo;exprimer correctement vos id\u00e9es et souhaits photographiques aupr\u00e8s d\u2019un professionnel. Prenez des contacts avec des photographes, des laboratoires, des imprimeurs. Posez des questions\u00a0!<\/p>\n<p>\u2022 Veillez \u00e0 \u00eatre agr\u00e9able, politesse et savoir-vivre\u00a0seront des cl\u00e9s utiles dans vos recherches de contacts professionnels !<\/p>\n<p>\u2022 Organisez votre travail. Pr\u00e9parez et travaillez vos briefings et vos cours afin d\u2019y \u00eatre actif et non passif. Pr\u00e9parer vos questions concernant le briefing donn\u00e9 en classe en analysant son contenu. Pratiquez la technique du brainstorming. Notez tout ce qui vous sort de la t\u00eate par rapport au th\u00e8me de l\u2019exercice donn\u00e9. Structurez le r\u00e9sultat obtenu sous forme de questions \u00e0 poser \u00e0 l\u2019occasion de la session de questions-r\u00e9ponses organis\u00e9e en classe c\u2019est-\u00e0-dire la seule occasion qui vous est offerte de pr\u00e9ciser la demande.<\/p>\n<p>\u2022 Osez montrer vos r\u00e9alisations aux autres \u00e9l\u00e8ves et aux professeurs.<\/p>\n<p>\u2022 Prenez \u00e9galement soins de prendre syst\u00e9matiquement note des observations et \u00e9valuations\u00a0faites par le professeur sur votre travail lors du d\u00e9briefing pr\u00e9vu \u00e0 cet effet.<\/p>\n<p>\u2022 Apprenez \u00e0 ordonner, \u00e0 respecter une nomenclature pour vos noms de fichiers, \u00e0 organiser votre travail sur le disque dur.<\/p>\n<p>\u2022 R\u00e9alisez des sauvegardes de votre travail de mani\u00e8re \u00e0 ne pas perdre d\u2019information et de temps en cas de \u00ab\u00a0crash\u00a0\u00bb de disque dur. Respectez les directives donn\u00e9es \u00e0 ce sujet, tenez compte des conseils et des exp\u00e9riences heureuses ou malheureuses de vos pairs. La r\u00e9alisation de bons back-up, c\u2019est tout un art\u00a0!<\/p>\n<p>\u2022 Prenez l\u2019habitude de faire un r\u00e9tro-planning de production et utilisez un agenda papier ou \u00e9lectronique. D\u00e9finissez les dates pour chaque \u00e9tape du travail et essayez de vous y tenir en les adaptant \u00e0 l\u2019horaire scolaire.<\/p>\n<p>\u2022 Apprenez \u00e0 segmenter la r\u00e9alisation d\u2019un travail en diff\u00e9rentes \u00e9tapes, sans en omettre aucune.<\/p>\n<p>\u2022 Trouvez des pistes de r\u00e9flexion, des directions \u00e0 prendre \u00e0 travers la lecture et l\u2019analyse de vos documentations en prenant soin de ne pas plagier ou de recopier stupidement des id\u00e9es.<\/p>\n<p>\u2022 Faites des tentatives et des essais pr\u00e9alables. Ceux-ci permettent de se rendre compte de l\u2019avancement de vos projets et de leur qualit\u00e9 mais aussi d\u2019apporter les corrections n\u00e9cessaires \u00e0 leur am\u00e9lioration.<\/p>\n<p><strong>Important :<\/strong><\/p>\n<p><strong>La prise des pr\u00e9sences peut \u00eatre effectu\u00e9e \u00e0 chaque cours . Si elle n\u2019intervient pas dans la note finale rendue,\u00a0elle permet d\u2019exprimer un avis suppl\u00e9mentaire favorable ou non favorable lors des d\u00e9lib\u00e9rations.<\/strong><\/p>\n<p><strong>Les directives concernant un exercice sont donn\u00e9es sous forme d\u2019un briefing \u00e9crit.\u00a0Ce briefing peut \u00eatre sujet \u00e0 modifications et am\u00e9liorations.<\/strong><\/p>\n<p><strong>Une date mentionn\u00e9e pour la remise d\u2019un travail ne sera pas report\u00e9e\u00a0!<\/strong><\/p>\n<p><strong>Une attention toute particuli\u00e8re sera port\u00e9e sur l\u2019orthographe. Faites-vous relire\u00a0!<\/strong><\/p>\n","protected":false},"excerpt":{"rendered":"<p>Quelques conseils&#8230; \u2022 Pr\u00e9sentez-vous \u00e0 l\u2019heure au cours. Suivez-le de mani\u00e8re assidue m\u00eame si vous avez d\u00e9j\u00e0 eu des cours de photographie. \u2022 Gardez le labo dans un \u00e9tat impeccable, prenez soin du mat\u00e9riel mis \u00e0 disposition et signalez tout &hellip; <a href=\"https:\/\/photographie.heaj.be\/?page_id=201\">Continuer la lecture <span class=\"meta-nav\">&rarr;<\/span><\/a><\/p>\n","protected":false},"author":1,"featured_media":0,"parent":0,"menu_order":0,"comment_status":"open","ping_status":"open","template":"","meta":{"footnotes":""},"class_list":["post-201","page","type-page","status-publish","hentry"],"_links":{"self":[{"href":"https:\/\/photographie.heaj.be\/index.php?rest_route=\/wp\/v2\/pages\/201","targetHints":{"allow":["GET"]}}],"collection":[{"href":"https:\/\/photographie.heaj.be\/index.php?rest_route=\/wp\/v2\/pages"}],"about":[{"href":"https:\/\/photographie.heaj.be\/index.php?rest_route=\/wp\/v2\/types\/page"}],"author":[{"embeddable":true,"href":"https:\/\/photographie.heaj.be\/index.php?rest_route=\/wp\/v2\/users\/1"}],"replies":[{"embeddable":true,"href":"https:\/\/photographie.heaj.be\/index.php?rest_route=%2Fwp%2Fv2%2Fcomments&post=201"}],"version-history":[{"count":14,"href":"https:\/\/photographie.heaj.be\/index.php?rest_route=\/wp\/v2\/pages\/201\/revisions"}],"predecessor-version":[{"id":208,"href":"https:\/\/photographie.heaj.be\/index.php?rest_route=\/wp\/v2\/pages\/201\/revisions\/208"}],"wp:attachment":[{"href":"https:\/\/photographie.heaj.be\/index.php?rest_route=%2Fwp%2Fv2%2Fmedia&parent=201"}],"curies":[{"name":"wp","href":"https:\/\/api.w.org\/{rel}","templated":true}]}}