{"id":190,"date":"2012-11-01T15:24:17","date_gmt":"2012-11-01T15:24:17","guid":{"rendered":"https:\/\/photographie.heaj.be\/?page_id=190"},"modified":"2015-09-07T21:02:05","modified_gmt":"2015-09-07T20:02:05","slug":"materiel-necessaire-pour-le-cours","status":"publish","type":"page","link":"https:\/\/photographie.heaj.be\/?page_id=190","title":{"rendered":"Mat\u00e9riel n\u00e9cessaire pour le cours"},"content":{"rendered":"<p><strong>En aucun cas, il ne vous est demand\u00e9 d&rsquo;acheter le mat\u00e9riel mentionn\u00e9 ci-dessous. R\u00e9cup\u00e9rer du mat\u00e9riel ancien et le remettre en service est en fait une excellente id\u00e9e. Si l&rsquo;achat de mat\u00e9riel neuf vous tente, consultez en premier les pages conseils de ce blog.<\/strong><\/p>\n<p>Le mat\u00e9riel cit\u00e9 ci-dessous devrait faire partie de votre kit de base, vous devriez en disposer \u00e0 chaque cours et en tirer le meilleur parti lors de vos safaris photo \u00e0 l\u2019ext\u00e9rieur.<\/p>\n<p>\u2022 Un sac de photographe. Petit ou grand selon vos besoins et la taille de votre appareil.<\/p>\n<p>\u2022 Mat\u00e9riel de prise de vues op\u00e9rationnel argentique ou num\u00e9rique, muni de sa\u00a0 dragonne\u2026 Peu importe sa date de fabrication, son type, sa marque,\u00a0sa r\u00e9solution, son format. De mani\u00e8re g\u00e9n\u00e9rale, vous privil\u00e9giez l\u2019acquisition d\u2019un mat\u00e9riel offrant la possibilit\u00e9 d\u2019opter pour une pratique bas\u00e9e sur l\u2019utilisation et l\u2019exploitation des \u00ab\u00a0modes de travail\u00a0\u00bb du photographe. Apprenez \u00e0 bannir les syst\u00e8mes pr\u00e9programm\u00e9s et les gadgets tr\u00e8s automatis\u00e9s.<\/p>\n<p>\u2022 Le mode d\u2019emploi de votre appareil en fran\u00e7ais ou \u00e0 d\u00e9faut en anglais.<\/p>\n<p>\u2022 Le syst\u00e8me de recharge de l\u2019appareil. Un accumulateur charg\u00e9 ou des piles rechargeables.<\/p>\n<p>\u2022 Du film pour votre appareil argentique ou des cartes m\u00e9moires adapt\u00e9es \u00e0 votre APN.<\/p>\n<p>\u2022 Bo\u00eetes \u00e9tanches pour films ou bo\u00eetes de protection de vos cartes m\u00e9moires.<\/p>\n<p>\u2022 Votre c\u00e2ble de d\u00e9chargement.<\/p>\n<p>\u2022 Kit d\u2019entretien con\u00e7u pour le nettoyage des optiques et du bo\u00eetier.<\/p>\n<p>\u2022 Votre \u00ab\u00a0Carnet photo\u00a0\u00bb au format poche, un crayon 3B, d\u2019une gomme, d\u2019un feutre noir permanent 0,5 mm.<\/p>\n<p>\u2022 Des supports de sauvegarde. Disques externes, cl\u00e9 USB, CD ou DVD.<\/p>\n<p>&nbsp;<\/p>\n<p><strong>Important :<\/strong><\/p>\n<p>L\u2019utilisation des APN mont\u00e9s sur les t\u00e9l\u00e9phones mobiles est exceptionnellement accept\u00e9e lors des premiers cours.<\/p>\n<p>L&#8217;emprunt de mat\u00e9riel photographique est pr\u00e9vu dans le cadre exclusif de la r\u00e9alisation des demandes de prises de vues pour le cours. Voyez ce qui peut vous aider aupr\u00e8s du responsable du studio photographique de l&rsquo;\u00e9cole.<\/p>\n<p>Le mat\u00e9riel n\u00e9cessaire pour le cours devra \u00eatre pr\u00e9sent\u00e9 \u00e0 l\u2019examen. Le carnet de photo est particuli\u00e8rement bien auscult\u00e9 lors de notre rencontre d&rsquo;\u00e9valuation, celui-ci doit contenir vos prises de notes du cours, vos annotations personnelles du briefing, vos documentations, vos questions.<\/p>\n","protected":false},"excerpt":{"rendered":"<p>En aucun cas, il ne vous est demand\u00e9 d&rsquo;acheter le mat\u00e9riel mentionn\u00e9 ci-dessous. R\u00e9cup\u00e9rer du mat\u00e9riel ancien et le remettre en service est en fait une excellente id\u00e9e. Si l&rsquo;achat de mat\u00e9riel neuf vous tente, consultez en premier les pages &hellip; <a href=\"https:\/\/photographie.heaj.be\/?page_id=190\">Continuer la lecture <span class=\"meta-nav\">&rarr;<\/span><\/a><\/p>\n","protected":false},"author":1,"featured_media":0,"parent":0,"menu_order":0,"comment_status":"open","ping_status":"open","template":"","meta":{"footnotes":""},"class_list":["post-190","page","type-page","status-publish","hentry"],"_links":{"self":[{"href":"https:\/\/photographie.heaj.be\/index.php?rest_route=\/wp\/v2\/pages\/190","targetHints":{"allow":["GET"]}}],"collection":[{"href":"https:\/\/photographie.heaj.be\/index.php?rest_route=\/wp\/v2\/pages"}],"about":[{"href":"https:\/\/photographie.heaj.be\/index.php?rest_route=\/wp\/v2\/types\/page"}],"author":[{"embeddable":true,"href":"https:\/\/photographie.heaj.be\/index.php?rest_route=\/wp\/v2\/users\/1"}],"replies":[{"embeddable":true,"href":"https:\/\/photographie.heaj.be\/index.php?rest_route=%2Fwp%2Fv2%2Fcomments&post=190"}],"version-history":[{"count":10,"href":"https:\/\/photographie.heaj.be\/index.php?rest_route=\/wp\/v2\/pages\/190\/revisions"}],"predecessor-version":[{"id":192,"href":"https:\/\/photographie.heaj.be\/index.php?rest_route=\/wp\/v2\/pages\/190\/revisions\/192"}],"wp:attachment":[{"href":"https:\/\/photographie.heaj.be\/index.php?rest_route=%2Fwp%2Fv2%2Fmedia&parent=190"}],"curies":[{"name":"wp","href":"https:\/\/api.w.org\/{rel}","templated":true}]}}