{"id":1210,"date":"2016-01-22T08:59:52","date_gmt":"2016-01-22T07:59:52","guid":{"rendered":"https:\/\/photographie.heaj.be\/?page_id=1210"},"modified":"2016-01-25T08:56:47","modified_gmt":"2016-01-25T07:56:47","slug":"les-modeles-les-plus-courants","status":"publish","type":"page","link":"https:\/\/photographie.heaj.be\/?page_id=1210","title":{"rendered":"Les mod\u00e8les les plus courants d&rsquo;APN"},"content":{"rendered":"<p><strong>Smartphones et tablettes<\/strong><\/p>\n<p><a href=\"https:\/\/photographie.heaj.be\/wp-content\/uploads\/2016\/01\/imgres.jpg\" target=\"_blank\"><img loading=\"lazy\" decoding=\"async\" class=\"size-medium wp-image-1241 alignnone\" title=\"imgres\" src=\"https:\/\/photographie.heaj.be\/wp-content\/uploads\/2016\/01\/imgres-300x190.jpg\" alt=\"\" width=\"240\" height=\"152\" srcset=\"https:\/\/photographie.heaj.be\/wp-content\/uploads\/2016\/01\/imgres-300x190.jpg 300w, https:\/\/photographie.heaj.be\/wp-content\/uploads\/2016\/01\/imgres.jpg 312w\" sizes=\"auto, (max-width: 240px) 100vw, 240px\" \/><\/a><\/p>\n<p>Il est de plus en plus courant de pratiquer la photographie avec un smatphone de type iPhone ou une tablette de type iPad. Ces deux outils, aux performances assez comparables, se retrouvent aujourd&rsquo;hui dans toutes les mains. Destin\u00e9s \u00e0 la r\u00e9alisation de clich\u00e9s rapides, ils\u00a0font le bonheur des chasseurs de souvenirs ou des amateurs de selfies.<\/p>\n<p>Bien que limit\u00e9s en performances, ils se r\u00e9v\u00e8lent magiques si on les commande depuis des applications photographiques d\u00e9di\u00e9es. Il faut garder \u00e0 l&rsquo;esprit que les r\u00e9sultats obtenus seront bien plus d\u00e9pendants du choix des applications traitant l&rsquo;image que de la marque de l&rsquo;appareil, de celle du capteur int\u00e9gr\u00e9 ou de l&rsquo;optique et du flash mont\u00e9s sur la b\u00eate.<\/p>\n<p>Points forts : Nous accompagnent partout et tout le temps; pas de prise de t\u00eate de r\u00e9glages; discrets; conviviaux, tactiles, l\u00e9gers.<\/p>\n<p>Points faibles : Peu ou pas de r\u00e9glages, recettes photographiques toutes faites; munis d&rsquo;optiques int\u00e9gr\u00e9es peu performantes et de capteurs de tr\u00e8s petite taille; zoom num\u00e9rique, tr\u00e8s fragiles; pas de vraie prise en main, ergonomie et autonomie limit\u00e9es; cadrage sur \u00e9cran difficile dans certaines conditions de lumi\u00e8re ambiante.<\/p>\n<p>&nbsp;<\/p>\n<p><strong>Les appareils compacts<\/strong><\/p>\n<p><a href=\"https:\/\/photographie.heaj.be\/wp-content\/uploads\/2016\/01\/Lumix.jpg\" target=\"_blank\"><img loading=\"lazy\" decoding=\"async\" class=\"size-medium wp-image-1248 alignnone\" title=\"Lumix\" src=\"https:\/\/photographie.heaj.be\/wp-content\/uploads\/2016\/01\/Lumix-300x190.jpg\" alt=\"\" width=\"240\" height=\"152\" srcset=\"https:\/\/photographie.heaj.be\/wp-content\/uploads\/2016\/01\/Lumix-300x190.jpg 300w, https:\/\/photographie.heaj.be\/wp-content\/uploads\/2016\/01\/Lumix.jpg 312w\" sizes=\"auto, (max-width: 240px) 100vw, 240px\" \/><\/a><\/p>\n<p>Bien que malmen\u00e9s par l&rsquo;engouement r\u00e9cent pour les smartphones et toujours un peu d\u00e9laiss\u00e9s par les vrais amateurs de photographie, les appareils compacts sont les compagnons des gens qui veulent voyager l\u00e9gers. Ils trouvent leur place dans une poche, pendouillent au bout du cou ou du bras, se tiennent pr\u00eats dans la bo\u00eete \u00e0 gants de la voiture. Les appareils compacts font leur come-back et les fabricants donnent tous les arguments n\u00e9cessaires \u00e0 leur maintien sur le march\u00e9 en les \u00e9quipants de meilleurs optiques et capteurs que par le pass\u00e9&#8230; Tout \u00e7a en les rendant plus solides, plus pratiques, plus efficaces, plus attrayants et plus \u00ab\u00a0compacts\u00a0\u00bb !<\/p>\n<p>Les compacts sont maintenant d\u00e9clin\u00e9s en deux gammes. La premi\u00e8re, celle des compacts dits \u00ab\u00a0amateurs\u00a0\u00bb s&rsquo;adresse au grand public et vise le march\u00e9 des utilisateurs souhaitant faire une meilleure photographie. Tout en restant dans une philosophie de r\u00e9glages par les menus et de cadrage \u00e0 l&rsquo;\u00e9cran, elle offre d\u00e9j\u00e0 plus de souplesse d&rsquo;utilisation qu&rsquo;un smartphone. La seconde cat\u00e9gorie s&rsquo;adresse \u00e0 un public plus averti voire aux professionnels de l&rsquo;image. Les pi\u00e8ces ma\u00eetresses sont ici de bien meilleure facture et les r\u00e9glages principaux se font par syst\u00e8me de molettes id\u00e9alement plac\u00e9es sous les doigts. Les plus performants sont \u00e9quip\u00e9s d&rsquo;un syst\u00e8me optique de cadrage facilitant le travail du photographe dans certaines conditions de lumi\u00e8re difficiles. Certains fabricants font le choix d&rsquo;un marquage semi-pro voire pro par\u00a0l&rsquo;acc\u00e8s direct aux modes de travail sur certains mod\u00e8les.<\/p>\n<p>Points forts : Facile \u00e0 utiliser,\u00a0discrets, conviviaux, l\u00e9gers, tactiles pour les plus r\u00e9cents, facilit\u00e9 de prises de vue \u00e0 une main; \u00e9quip\u00e9s d&rsquo;un flash; de petits zooms optiques de plus en plus performants et de capteurs d&rsquo;assez bonne dimension et qualit\u00e9.<\/p>\n<p>Points faibles : Certains r\u00e9glages importants pour le photographe restent encore trop peu accessibles en direct sur les bo\u00eetiers; zoom num\u00e9rique; fragiles; cadrage sur \u00e9cran difficile dans certaines conditions de lumi\u00e8re ambiante; autonomie malgr\u00e9 tout assez limit\u00e9e sur la plupart de ces bo\u00eetiers.<\/p>\n<p>&nbsp;<\/p>\n<p><strong>Les hybrides<\/strong><\/p>\n<p><a href=\"https:\/\/photographie.heaj.be\/wp-content\/uploads\/2016\/01\/Olympus-E-PL1s.jpg\" target=\"_blank\"><img loading=\"lazy\" decoding=\"async\" class=\"alignnone size-medium wp-image-1251\" title=\"Olympus E-PL1s\" src=\"https:\/\/photographie.heaj.be\/wp-content\/uploads\/2016\/01\/Olympus-E-PL1s-300x218.jpg\" alt=\"\" width=\"238\" height=\"173\" srcset=\"https:\/\/photographie.heaj.be\/wp-content\/uploads\/2016\/01\/Olympus-E-PL1s-300x218.jpg 300w, https:\/\/photographie.heaj.be\/wp-content\/uploads\/2016\/01\/Olympus-E-PL1s.jpg 312w\" sizes=\"auto, (max-width: 238px) 100vw, 238px\" \/><\/a><a href=\"https:\/\/photographie.heaj.be\/wp-content\/uploads\/2016\/01\/SAMSUNG-NX30.jpg\" target=\"_blank\"><img loading=\"lazy\" decoding=\"async\" class=\"alignnone size-medium wp-image-1252\" title=\"SAMSUNG NX30\" src=\"https:\/\/photographie.heaj.be\/wp-content\/uploads\/2016\/01\/SAMSUNG-NX30-300x218.jpg\" alt=\"\" width=\"238\" height=\"173\" srcset=\"https:\/\/photographie.heaj.be\/wp-content\/uploads\/2016\/01\/SAMSUNG-NX30-300x218.jpg 300w, https:\/\/photographie.heaj.be\/wp-content\/uploads\/2016\/01\/SAMSUNG-NX30.jpg 312w\" sizes=\"auto, (max-width: 238px) 100vw, 238px\" \/><\/a><\/p>\n<p>Apr\u00e8s bien des ann\u00e9es d&rsquo;h\u00e9g\u00e9monie des reflex et de leur suite pl\u00e9thorique d&rsquo;objectifs, de nouveaux venus se retrouvent\u00a0dans les sacs des photographes.\u00a0R\u00e9cemment sortis des bureaux d&rsquo;\u00e9tudes, les hybrides occupent une bien belle place dans les\u00a0catalogues des grandes marques de fabricants. \u00ab\u00a0Compacts\u00a0\u00bb dans l&rsquo;id\u00e9e mais pas dans l&rsquo;\u00e2me, les hydrides embarquent quasi toutes les technologies des grosses pointures reflex \u00e0 l&rsquo;exception d&rsquo;une seule, celle du miroir ! Dans les faits, ils s&rsquo;inspirent sans complexe des volumes des compacts professionnel, volent l&rsquo;id\u00e9e de l&rsquo;interchangeabilit\u00e9 des objectifs au syst\u00e8me reflex mais en \u00e9cartant l&rsquo;encombrante technologie li\u00e9e \u00e0 l&rsquo;utilisation du miroir. Ces boitiers sont donc appel\u00e9 \u00ab\u00a0mirrorless\u00a0\u00bb et incarnent surtout le retour du \u00ab\u00a0rangefinder\u00a0\u00bb \u00e0 qui les mirrorless empruntent les principes du syst\u00e8me de cadrage.<\/p>\n<p>Points forts : Peuvent \u00eatre \u00e9quip\u00e9s d&rsquo;un assez large choix d&rsquo;optiques vraiment performantes puisque l&rsquo;interchangeabilit\u00e9 des objectifs est de mise; capteurs identiques aux boitiers des cat\u00e9gories sup\u00e9rieures; propos\u00e9s dans un look vintage dans certaines marques, un plus pour bien des photographes nostalgiques du rangefinder; dot\u00e9s d&rsquo;un syst\u00e8me de cadrage performant; r\u00e9glages principaux facilement accessibles souvent par molettes, tactiles pour les plus r\u00e9cents; \u00e9quip\u00e9s d&rsquo;un flash performant voire d&rsquo;un socket flash permettant le montage d&rsquo;un flash additionnel.<\/p>\n<p>Points faibles : Moins discrets qu&rsquo;un compact; autonomie limit\u00e9e sur la plupart de ces bo\u00eetiers; peuvent souffrir d&rsquo;un probl\u00e8me de parallaxe si le syst\u00e8me optique de cadrage propos\u00e9 n&rsquo;est pas \u00e0 la hauteur, sensibles \u00e0 l&rsquo;introduction de poussi\u00e8re dans la chambre lors des changements d&rsquo;objectifs, donc de salet\u00e9s sur le capteur parce que non tropicalis\u00e9s la plupart du temps.<\/p>\n<p>&nbsp;<\/p>\n<p><strong>Les bridges<\/strong><\/p>\n<p><a href=\"https:\/\/photographie.heaj.be\/wp-content\/uploads\/2016\/01\/Canon-PowerShot-SX520-HS.jpg\" target=\"_blank\"><img loading=\"lazy\" decoding=\"async\" class=\"alignnone size-medium wp-image-1254\" title=\"Canon PowerShot SX520 HS\" src=\"https:\/\/photographie.heaj.be\/wp-content\/uploads\/2016\/01\/Canon-PowerShot-SX520-HS-300x218.jpg\" alt=\"\" width=\"240\" height=\"174\" srcset=\"https:\/\/photographie.heaj.be\/wp-content\/uploads\/2016\/01\/Canon-PowerShot-SX520-HS-300x218.jpg 300w, https:\/\/photographie.heaj.be\/wp-content\/uploads\/2016\/01\/Canon-PowerShot-SX520-HS.jpg 312w\" sizes=\"auto, (max-width: 240px) 100vw, 240px\" \/><\/a><a href=\"https:\/\/photographie.heaj.be\/wp-content\/uploads\/2016\/01\/Pentax-X-5-Noir.jpg\" target=\"_blank\"><img loading=\"lazy\" decoding=\"async\" class=\"alignnone size-medium wp-image-1255\" title=\"Pentax X-5 Noir\" src=\"https:\/\/photographie.heaj.be\/wp-content\/uploads\/2016\/01\/Pentax-X-5-Noir-300x218.jpg\" alt=\"\" width=\"240\" height=\"174\" srcset=\"https:\/\/photographie.heaj.be\/wp-content\/uploads\/2016\/01\/Pentax-X-5-Noir-300x218.jpg 300w, https:\/\/photographie.heaj.be\/wp-content\/uploads\/2016\/01\/Pentax-X-5-Noir.jpg 312w\" sizes=\"auto, (max-width: 240px) 100vw, 240px\" \/><\/a><\/p>\n<p><strong><\/strong>Les bridges sont le fruit de la r\u00e9flexion d&rsquo;ing\u00e9nieurs souhaitants proposer une alternative l\u00e9g\u00e8re au syst\u00e8me reflex tout en garantissant une tr\u00e8s bonne qualit\u00e9 de construction. Les bridges copient le principe du reflex mais sans utiliser de miroir puisque c&rsquo;est gr\u00e2ce \u00e0 l&rsquo;utilisation d&rsquo;un petit \u00e9cran plac\u00e9 dans de syst\u00e8me de cadrage que l&rsquo;on construit son image. Ils n&rsquo;offrent pas la flexibilit\u00e9 \u00e0 travers l&rsquo;interchangeabilit\u00e9 des objectifs mais sont munis d&rsquo;une optique de type zoom performante. Ils proposent donc un bon compromis entre acc\u00e8s aux diff\u00e9rentes longueurs de focales et facilit\u00e9 du travail de cadrage. \u00a0Il y a peu de temps encore, les bridges constituaient le cha\u00eenon manquant entre les syst\u00e8mes compact et reflex. Cette place leur est maintenant disput\u00e9e par le syst\u00e8me hybride.<\/p>\n<p>Points forts : Tout en un; un \u00ab\u00a0petit\u00a0\u00bb reflex par vis\u00e9e sur \u00e9cran miniature ou sur \u00e9cran arri\u00e8re; qualit\u00e9 de construction, pas d&rsquo;entr\u00e9e de poussi\u00e8res dans le syst\u00e8me; accessibilit\u00e9 des r\u00e9glages plac\u00e9s sur le corps de l&rsquo;appareil et tr\u00e8s bonne ergonomie g\u00e9n\u00e9rale.<\/p>\n<p>Points faibles : Non-interchangeabilit\u00e9 des optiques; peu discrets.<\/p>\n<p>&nbsp;<\/p>\n<p><strong>Les reflex<\/strong><\/p>\n<p><a href=\"https:\/\/photographie.heaj.be\/wp-content\/uploads\/2016\/01\/Canon-eos-1d-x_low.jpg\" target=\"_blank\"><img loading=\"lazy\" decoding=\"async\" class=\"alignnone size-medium wp-image-1266\" title=\"Canon-eos-1d-x_low\" src=\"https:\/\/photographie.heaj.be\/wp-content\/uploads\/2016\/01\/Canon-eos-1d-x_low-300x218.jpg\" alt=\"\" width=\"270\" height=\"196\" srcset=\"https:\/\/photographie.heaj.be\/wp-content\/uploads\/2016\/01\/Canon-eos-1d-x_low-300x218.jpg 300w, https:\/\/photographie.heaj.be\/wp-content\/uploads\/2016\/01\/Canon-eos-1d-x_low.jpg 312w\" sizes=\"auto, (max-width: 270px) 100vw, 270px\" \/><\/a><a href=\"https:\/\/photographie.heaj.be\/wp-content\/uploads\/2016\/01\/Nikon-D3000.jpg\" target=\"_blank\"><img loading=\"lazy\" decoding=\"async\" class=\"alignnone size-medium wp-image-1267\" title=\"Nikon D3000\" src=\"https:\/\/photographie.heaj.be\/wp-content\/uploads\/2016\/01\/Nikon-D3000-300x218.jpg\" alt=\"\" width=\"243\" height=\"176\" srcset=\"https:\/\/photographie.heaj.be\/wp-content\/uploads\/2016\/01\/Nikon-D3000-300x218.jpg 300w, https:\/\/photographie.heaj.be\/wp-content\/uploads\/2016\/01\/Nikon-D3000.jpg 312w\" sizes=\"auto, (max-width: 243px) 100vw, 243px\" \/><\/a><\/p>\n<p>Les bo\u00eetiers reflex sont depuis bien des ann\u00e9es les fers-de-lance des grandes marques, ils font l&rsquo;objet de d\u00e9veloppements permanents et proposent \u00e0 chaque g\u00e9n\u00e9ration les technologies les plus modernes. Les reflex offrent une grande souplesse d&rsquo;utilisation, d&rsquo;une part gr\u00e2ce \u00e0 l&rsquo;interchangeabilit\u00e9 des nombreux objectifs que l&rsquo;on peut leur adjoindre mais aussi et surtout par la qualit\u00e9 du syst\u00e8me optique de cadrage embarqu\u00e9. Pl\u00e9biscit\u00e9s par les photographes professionnels en premier, ils rendent aussi d&rsquo;excellents services dans les d\u00e9clinaisons semi-professionnelles et\u00a0entr\u00e9es de gamme.<\/p>\n<p>Les reflex professionnels sont, par leur tropicalisation et leur solidit\u00e9 de construction, des bo\u00eetiers sur lesquels ont peut toujours compter. V\u00e9ritables 4&#215;4 de la photographie, on les retrouve au travail sur les terrains les plus extr\u00eames du reportage et de l&rsquo;action.<\/p>\n<p>Assez souvent utilis\u00e9s comme second bo\u00eetier, les semi-pro conservent pleinement les atouts qu&rsquo;offre l&rsquo;interchangeabilit\u00e9 des objectifs mais se montrent moins enclins \u00e0 supporter les conditions extr\u00eames d&rsquo;utilisation. La r\u00e9solution des capteurs augmentant constamment, on les retrouve plus volontiers en studio o\u00f9 ils remplacent de plus en plus souvent des appareils de moyen format tr\u00e8s on\u00e9reux.<\/p>\n<p>Les reflex dits amateurs font quand \u00e0 eux le grand bonheur des d\u00e9butants. Ces bo\u00eetiers ont tout des grands et offrent potentiellement les m\u00eames avantages qu&rsquo;eux niveau souplesse d&rsquo;utilisation mais avec toutefois des restrictions au niveau de leur construction et de leurs accessoires. Ce sont souvent les reflex amateurs que l&rsquo;on pose dans les mains des apprenants qui d\u00e9couvrent tr\u00e8s vite en eux les b\u00eates id\u00e9ales pour exp\u00e9rimenter \u00e0 loisir et faire ainsi leur premiers pas sereinement dans le vaste monde de la photographie.<\/p>\n<p>Points forts : Grande autonomie et grande rapidit\u00e9 du syst\u00e8me; qualit\u00e9 de construction, des composants et des accessoires; accessibilit\u00e9 des r\u00e9glages plac\u00e9s sur le corps de l&rsquo;appareil et tr\u00e8s bonne ergonomie g\u00e9n\u00e9rale; peuvent accueillir un tr\u00e8s large choix d&rsquo;optiques; grande facilit\u00e9 de cadrage par syst\u00e8me combin\u00e9 de l&rsquo;optique-miroir-prisme m\u00eame par conditions d&rsquo;\u00e9clairage tr\u00e8s pauvre.<\/p>\n<p>Points faibles : Peu discrets puisque bruit g\u00e9n\u00e9r\u00e9 au d\u00e9clenchement\u00a0par le mouvement du miroir; encombrement et poids n&rsquo;en font pas des compagnons l\u00e9gers de promenade surtout dans la gamme pro et semi-pro.<\/p>\n","protected":false},"excerpt":{"rendered":"<p>Smartphones et tablettes Il est de plus en plus courant de pratiquer la photographie avec un smatphone de type iPhone ou une tablette de type iPad. Ces deux outils, aux performances assez comparables, se retrouvent aujourd&rsquo;hui dans toutes les mains. &hellip; <a href=\"https:\/\/photographie.heaj.be\/?page_id=1210\">Continuer la lecture <span class=\"meta-nav\">&rarr;<\/span><\/a><\/p>\n","protected":false},"author":1,"featured_media":0,"parent":0,"menu_order":0,"comment_status":"closed","ping_status":"closed","template":"","meta":{"footnotes":""},"class_list":["post-1210","page","type-page","status-publish","hentry"],"_links":{"self":[{"href":"https:\/\/photographie.heaj.be\/index.php?rest_route=\/wp\/v2\/pages\/1210","targetHints":{"allow":["GET"]}}],"collection":[{"href":"https:\/\/photographie.heaj.be\/index.php?rest_route=\/wp\/v2\/pages"}],"about":[{"href":"https:\/\/photographie.heaj.be\/index.php?rest_route=\/wp\/v2\/types\/page"}],"author":[{"embeddable":true,"href":"https:\/\/photographie.heaj.be\/index.php?rest_route=\/wp\/v2\/users\/1"}],"replies":[{"embeddable":true,"href":"https:\/\/photographie.heaj.be\/index.php?rest_route=%2Fwp%2Fv2%2Fcomments&post=1210"}],"version-history":[{"count":53,"href":"https:\/\/photographie.heaj.be\/index.php?rest_route=\/wp\/v2\/pages\/1210\/revisions"}],"predecessor-version":[{"id":1304,"href":"https:\/\/photographie.heaj.be\/index.php?rest_route=\/wp\/v2\/pages\/1210\/revisions\/1304"}],"wp:attachment":[{"href":"https:\/\/photographie.heaj.be\/index.php?rest_route=%2Fwp%2Fv2%2Fmedia&parent=1210"}],"curies":[{"name":"wp","href":"https:\/\/api.w.org\/{rel}","templated":true}]}}