{"id":1157,"date":"2015-10-28T19:45:23","date_gmt":"2015-10-28T18:45:23","guid":{"rendered":"https:\/\/photographie.heaj.be\/?page_id=1157"},"modified":"2016-01-25T08:06:05","modified_gmt":"2016-01-25T07:06:05","slug":"calibrage-decrans","status":"publish","type":"page","link":"https:\/\/photographie.heaj.be\/?page_id=1157","title":{"rendered":"Calibrage de vos \u00e9crans"},"content":{"rendered":"<p>Une image \u00e0 conserver pr\u00e9cieusement. Elle devrait vous servir de r\u00e9f\u00e9rence pour le calibrage des vos \u00e9crans.<\/p>\n<p style=\"text-align: center;\"><a href=\"https:\/\/photographie.heaj.be\/wp-content\/uploads\/2015\/10\/Ole-No-Moire.jpg\" target=\"_blank\"><img loading=\"lazy\" decoding=\"async\" class=\"aligncenter size-full wp-image-1164\" title=\"Ole-No-Moire\" src=\"https:\/\/photographie.heaj.be\/wp-content\/uploads\/2015\/10\/Ole-No-Moire.jpg\" alt=\"\" width=\"1850\" height=\"1437\" srcset=\"https:\/\/photographie.heaj.be\/wp-content\/uploads\/2015\/10\/Ole-No-Moire.jpg 1850w, https:\/\/photographie.heaj.be\/wp-content\/uploads\/2015\/10\/Ole-No-Moire-300x233.jpg 300w, https:\/\/photographie.heaj.be\/wp-content\/uploads\/2015\/10\/Ole-No-Moire-1024x795.jpg 1024w\" sizes=\"auto, (max-width: 1850px) 100vw, 1850px\" \/><\/a><\/p>\n","protected":false},"excerpt":{"rendered":"<p>Une image \u00e0 conserver pr\u00e9cieusement. Elle devrait vous servir de r\u00e9f\u00e9rence pour le calibrage des vos \u00e9crans.<\/p>\n","protected":false},"author":1,"featured_media":0,"parent":0,"menu_order":0,"comment_status":"closed","ping_status":"closed","template":"","meta":{"footnotes":""},"class_list":["post-1157","page","type-page","status-publish","hentry"],"_links":{"self":[{"href":"https:\/\/photographie.heaj.be\/index.php?rest_route=\/wp\/v2\/pages\/1157","targetHints":{"allow":["GET"]}}],"collection":[{"href":"https:\/\/photographie.heaj.be\/index.php?rest_route=\/wp\/v2\/pages"}],"about":[{"href":"https:\/\/photographie.heaj.be\/index.php?rest_route=\/wp\/v2\/types\/page"}],"author":[{"embeddable":true,"href":"https:\/\/photographie.heaj.be\/index.php?rest_route=\/wp\/v2\/users\/1"}],"replies":[{"embeddable":true,"href":"https:\/\/photographie.heaj.be\/index.php?rest_route=%2Fwp%2Fv2%2Fcomments&post=1157"}],"version-history":[{"count":11,"href":"https:\/\/photographie.heaj.be\/index.php?rest_route=\/wp\/v2\/pages\/1157\/revisions"}],"predecessor-version":[{"id":1160,"href":"https:\/\/photographie.heaj.be\/index.php?rest_route=\/wp\/v2\/pages\/1157\/revisions\/1160"}],"wp:attachment":[{"href":"https:\/\/photographie.heaj.be\/index.php?rest_route=%2Fwp%2Fv2%2Fmedia&parent=1157"}],"curies":[{"name":"wp","href":"https:\/\/api.w.org\/{rel}","templated":true}]}}