{"id":1041,"date":"2015-09-15T10:15:59","date_gmt":"2015-09-15T09:15:59","guid":{"rendered":"https:\/\/photographie.heaj.be\/?page_id=1041"},"modified":"2015-09-15T11:04:00","modified_gmt":"2015-09-15T10:04:00","slug":"exercice-danalyse-de-composition","status":"publish","type":"page","link":"https:\/\/photographie.heaj.be\/?page_id=1041","title":{"rendered":"Exercice d&rsquo;analyse de composition"},"content":{"rendered":"<p><a title=\"James Nachtwey\" href=\"http:\/\/www.jamesnachtwey.com\/\" target=\"_blank\">James Nachtwey<\/a>, (n\u00e9 le\u00a0<time datetime=\"1948-03-14\">14\u00a0mars\u00a01948<\/time>\u00a0\u00e0\u00a0Syracuse\u00a0dans l&rsquo;\u00c9tat de New York) est un\u00a0photographe\u00a0et\u00a0<a title=\"Photojournalisme\" href=\"https:\/\/fr.wikipedia.org\/wiki\/Photojournalisme\" target=\"_blank\">photojournaliste<\/a>\u00a0am\u00e9ricain.<\/p>\n<p>Il est consid\u00e9r\u00e9 comme l&rsquo;un des plus grands\u00a0photographes de guerre\u00a0de notre \u00e9poque, tant par les amateurs que ses pairs.<\/p>\n<p>Le photographe sillonne le globe depuis pr\u00e8s de 20 ans et a couvert quasiment tous les conflits,\u00a0Afghanistan\u00a0et\u00a0Bosnie-Herz\u00e9govine,\u00a0Rwanda\u00a0et\u00a0Salvador,\u00a0Irlande du Nord\u00a0et\u00a0Kurdistan,\u00a0Somalie\u00a0et\u00a0Afrique du Sud.<\/p>\n<p>Il est connu pour sa grande proximit\u00e9 \u00e0 ses sujets. L\u00e0 o\u00f9 d&rsquo;autres photographes reculent ou se prot\u00e8gent, il est souvent le seul \u00e0 s&rsquo;avancer, r\u00e9ussissant ainsi des prises de vues cadr\u00e9es tr\u00e8s proches de l&rsquo;action, mais s&rsquo;exposant \u00e9galement \u00e0 de graves dangers.<\/p>\n<div id='gallery-1' class='gallery galleryid-1041 gallery-columns-2 gallery-size-thumbnail'><dl class='gallery-item'>\n\t\t\t<dt class='gallery-icon landscape'>\n\t\t\t\t<a href='https:\/\/photographie.heaj.be\/wp-content\/uploads\/2015\/09\/06-JN_WTC_6-31a.jpg'><img loading=\"lazy\" decoding=\"async\" width=\"150\" height=\"150\" src=\"https:\/\/photographie.heaj.be\/wp-content\/uploads\/2015\/09\/06-JN_WTC_6-31a-150x150.jpg\" class=\"attachment-thumbnail size-thumbnail\" alt=\"\" \/><\/a>\n\t\t\t<\/dt><\/dl><dl class='gallery-item'>\n\t\t\t<dt class='gallery-icon landscape'>\n\t\t\t\t<a href='https:\/\/photographie.heaj.be\/wp-content\/uploads\/2015\/09\/CP_02.jpg'><img loading=\"lazy\" decoding=\"async\" width=\"150\" height=\"150\" src=\"https:\/\/photographie.heaj.be\/wp-content\/uploads\/2015\/09\/CP_02-150x150.jpg\" class=\"attachment-thumbnail size-thumbnail\" alt=\"\" \/><\/a>\n\t\t\t<\/dt><\/dl><br style=\"clear: both\" \/><dl class='gallery-item'>\n\t\t\t<dt class='gallery-icon landscape'>\n\t\t\t\t<a href='https:\/\/photographie.heaj.be\/wp-content\/uploads\/2015\/09\/CP_03.jpg'><img loading=\"lazy\" decoding=\"async\" width=\"150\" height=\"150\" src=\"https:\/\/photographie.heaj.be\/wp-content\/uploads\/2015\/09\/CP_03-150x150.jpg\" class=\"attachment-thumbnail size-thumbnail\" alt=\"\" \/><\/a>\n\t\t\t<\/dt><\/dl><dl class='gallery-item'>\n\t\t\t<dt class='gallery-icon landscape'>\n\t\t\t\t<a href='https:\/\/photographie.heaj.be\/wp-content\/uploads\/2015\/09\/JN-96-4-51-23FIN.jpg'><img loading=\"lazy\" decoding=\"async\" width=\"150\" height=\"150\" src=\"https:\/\/photographie.heaj.be\/wp-content\/uploads\/2015\/09\/JN-96-4-51-23FIN-150x150.jpg\" class=\"attachment-thumbnail size-thumbnail\" alt=\"\" \/><\/a>\n\t\t\t<\/dt><\/dl><br style=\"clear: both\" \/><dl class='gallery-item'>\n\t\t\t<dt class='gallery-icon landscape'>\n\t\t\t\t<a href='https:\/\/photographie.heaj.be\/wp-content\/uploads\/2015\/09\/JN-96-4-53-21FIN.jpg'><img loading=\"lazy\" decoding=\"async\" width=\"150\" height=\"150\" src=\"https:\/\/photographie.heaj.be\/wp-content\/uploads\/2015\/09\/JN-96-4-53-21FIN-150x150.jpg\" class=\"attachment-thumbnail size-thumbnail\" alt=\"\" \/><\/a>\n\t\t\t<\/dt><\/dl><dl class='gallery-item'>\n\t\t\t<dt class='gallery-icon landscape'>\n\t\t\t\t<a href='https:\/\/photographie.heaj.be\/wp-content\/uploads\/2015\/09\/JN0002CHIN_GA.jpg'><img loading=\"lazy\" decoding=\"async\" width=\"150\" height=\"150\" src=\"https:\/\/photographie.heaj.be\/wp-content\/uploads\/2015\/09\/JN0002CHIN_GA-150x150.jpg\" class=\"attachment-thumbnail size-thumbnail\" alt=\"\" \/><\/a>\n\t\t\t<\/dt><\/dl><br style=\"clear: both\" \/><dl class='gallery-item'>\n\t\t\t<dt class='gallery-icon landscape'>\n\t\t\t\t<a href='https:\/\/photographie.heaj.be\/wp-content\/uploads\/2015\/09\/JN0003AFG_107-3FIN.jpg'><img loading=\"lazy\" decoding=\"async\" width=\"150\" height=\"150\" src=\"https:\/\/photographie.heaj.be\/wp-content\/uploads\/2015\/09\/JN0003AFG_107-3FIN-150x150.jpg\" class=\"attachment-thumbnail size-thumbnail\" alt=\"\" \/><\/a>\n\t\t\t<\/dt><\/dl><dl class='gallery-item'>\n\t\t\t<dt class='gallery-icon landscape'>\n\t\t\t\t<a href='https:\/\/photographie.heaj.be\/wp-content\/uploads\/2015\/09\/JN0011ZAID.jpg'><img loading=\"lazy\" decoding=\"async\" width=\"150\" height=\"150\" src=\"https:\/\/photographie.heaj.be\/wp-content\/uploads\/2015\/09\/JN0011ZAID-150x150.jpg\" class=\"attachment-thumbnail size-thumbnail\" alt=\"\" \/><\/a>\n\t\t\t<\/dt><\/dl><br style=\"clear: both\" \/><dl class='gallery-item'>\n\t\t\t<dt class='gallery-icon landscape'>\n\t\t\t\t<a href='https:\/\/photographie.heaj.be\/wp-content\/uploads\/2015\/09\/JN0037EEPC_F.jpg'><img loading=\"lazy\" decoding=\"async\" width=\"150\" height=\"150\" src=\"https:\/\/photographie.heaj.be\/wp-content\/uploads\/2015\/09\/JN0037EEPC_F-150x150.jpg\" class=\"attachment-thumbnail size-thumbnail\" alt=\"\" \/><\/a>\n\t\t\t<\/dt><\/dl><dl class='gallery-item'>\n\t\t\t<dt class='gallery-icon landscape'>\n\t\t\t\t<a href='https:\/\/photographie.heaj.be\/wp-content\/uploads\/2015\/09\/JN_HEROIN_115-16aGA.jpg'><img loading=\"lazy\" decoding=\"async\" width=\"150\" height=\"150\" src=\"https:\/\/photographie.heaj.be\/wp-content\/uploads\/2015\/09\/JN_HEROIN_115-16aGA-150x150.jpg\" class=\"attachment-thumbnail size-thumbnail\" alt=\"\" \/><\/a>\n\t\t\t<\/dt><\/dl><br style=\"clear: both\" \/>\n\t\t<\/div>\n\n<p>&nbsp;<\/p>\n","protected":false},"excerpt":{"rendered":"<p>James Nachtwey, (n\u00e9 le\u00a014\u00a0mars\u00a01948\u00a0\u00e0\u00a0Syracuse\u00a0dans l&rsquo;\u00c9tat de New York) est un\u00a0photographe\u00a0et\u00a0photojournaliste\u00a0am\u00e9ricain. Il est consid\u00e9r\u00e9 comme l&rsquo;un des plus grands\u00a0photographes de guerre\u00a0de notre \u00e9poque, tant par les amateurs que ses pairs. Le photographe sillonne le globe depuis pr\u00e8s de 20 ans et &hellip; <a href=\"https:\/\/photographie.heaj.be\/?page_id=1041\">Continuer la lecture <span class=\"meta-nav\">&rarr;<\/span><\/a><\/p>\n","protected":false},"author":1,"featured_media":0,"parent":0,"menu_order":0,"comment_status":"closed","ping_status":"closed","template":"","meta":{"footnotes":""},"class_list":["post-1041","page","type-page","status-publish","hentry"],"_links":{"self":[{"href":"https:\/\/photographie.heaj.be\/index.php?rest_route=\/wp\/v2\/pages\/1041","targetHints":{"allow":["GET"]}}],"collection":[{"href":"https:\/\/photographie.heaj.be\/index.php?rest_route=\/wp\/v2\/pages"}],"about":[{"href":"https:\/\/photographie.heaj.be\/index.php?rest_route=\/wp\/v2\/types\/page"}],"author":[{"embeddable":true,"href":"https:\/\/photographie.heaj.be\/index.php?rest_route=\/wp\/v2\/users\/1"}],"replies":[{"embeddable":true,"href":"https:\/\/photographie.heaj.be\/index.php?rest_route=%2Fwp%2Fv2%2Fcomments&post=1041"}],"version-history":[{"count":8,"href":"https:\/\/photographie.heaj.be\/index.php?rest_route=\/wp\/v2\/pages\/1041\/revisions"}],"predecessor-version":[{"id":1044,"href":"https:\/\/photographie.heaj.be\/index.php?rest_route=\/wp\/v2\/pages\/1041\/revisions\/1044"}],"wp:attachment":[{"href":"https:\/\/photographie.heaj.be\/index.php?rest_route=%2Fwp%2Fv2%2Fmedia&parent=1041"}],"curies":[{"name":"wp","href":"https:\/\/api.w.org\/{rel}","templated":true}]}}