{"id":104,"date":"2012-02-10T11:09:49","date_gmt":"2012-02-10T11:09:49","guid":{"rendered":"https:\/\/photographie.heaj.be\/?page_id=104"},"modified":"2017-01-26T21:35:21","modified_gmt":"2017-01-26T20:35:21","slug":"culture-generale","status":"publish","type":"page","link":"https:\/\/photographie.heaj.be\/?page_id=104","title":{"rendered":"Culture g\u00e9n\u00e9rale&#8230;"},"content":{"rendered":"<p>Ils nous trouvent des choses surprenantes ou en cr\u00e9ent :<\/p>\n<p><a title=\"La boite verte\" href=\"http:\/\/www.laboiteverte.fr\/\" target=\"_blank\">La boite verte<\/a>, <a href=\"https:\/\/vimeo.com\/172556276\" target=\"_blank\">A history of the photo camera<\/a>, <a href=\"https:\/\/vimeo.com\/28460672\" target=\"_blank\">Dahlia<\/a>,<\/p>\n","protected":false},"excerpt":{"rendered":"<p>Ils nous trouvent des choses surprenantes ou en cr\u00e9ent : La boite verte, A history of the photo camera, Dahlia,<\/p>\n","protected":false},"author":1,"featured_media":0,"parent":0,"menu_order":0,"comment_status":"open","ping_status":"open","template":"","meta":{"footnotes":""},"class_list":["post-104","page","type-page","status-publish","hentry"],"_links":{"self":[{"href":"https:\/\/photographie.heaj.be\/index.php?rest_route=\/wp\/v2\/pages\/104","targetHints":{"allow":["GET"]}}],"collection":[{"href":"https:\/\/photographie.heaj.be\/index.php?rest_route=\/wp\/v2\/pages"}],"about":[{"href":"https:\/\/photographie.heaj.be\/index.php?rest_route=\/wp\/v2\/types\/page"}],"author":[{"embeddable":true,"href":"https:\/\/photographie.heaj.be\/index.php?rest_route=\/wp\/v2\/users\/1"}],"replies":[{"embeddable":true,"href":"https:\/\/photographie.heaj.be\/index.php?rest_route=%2Fwp%2Fv2%2Fcomments&post=104"}],"version-history":[{"count":5,"href":"https:\/\/photographie.heaj.be\/index.php?rest_route=\/wp\/v2\/pages\/104\/revisions"}],"predecessor-version":[{"id":2296,"href":"https:\/\/photographie.heaj.be\/index.php?rest_route=\/wp\/v2\/pages\/104\/revisions\/2296"}],"wp:attachment":[{"href":"https:\/\/photographie.heaj.be\/index.php?rest_route=%2Fwp%2Fv2%2Fmedia&parent=104"}],"curies":[{"name":"wp","href":"https:\/\/api.w.org\/{rel}","templated":true}]}}