{"id":1030,"date":"2015-09-15T10:00:06","date_gmt":"2015-09-15T09:00:06","guid":{"rendered":"https:\/\/photographie.heaj.be\/?page_id=1030"},"modified":"2017-05-18T12:50:18","modified_gmt":"2017-05-18T11:50:18","slug":"planning-du-cours","status":"publish","type":"page","link":"https:\/\/photographie.heaj.be\/?page_id=1030","title":{"rendered":"Planning du cours"},"content":{"rendered":"<p>&nbsp;<\/p>\n<p><strong>Voici le lien vous donnant acc\u00e8s au planning de l&rsquo;UE1.50 :<\/strong><\/p>\n<p><a href=\"https:\/\/photographie.heaj.be\/wp-content\/uploads\/2016\/09\/UE150_Planning-cours.pdf\" target=\"_blank\">UE150_Planning cours<\/a><\/p>\n<p><strong>Important :<\/strong> Des changements de planning\u00a0peuvent appara\u00eetre en cours d&rsquo;ann\u00e9e. L&rsquo;information vous sera alors communiqu\u00e9e lors de nos rencontres au laboratoire.<\/p>\n<p><a href=\"https:\/\/photographie.heaj.be\/wp-content\/uploads\/2015\/09\/Production_tableau.jpg\" target=\"_blank\"><img loading=\"lazy\" decoding=\"async\" class=\"alignnone wp-image-2309 size-full\" src=\"https:\/\/photographie.heaj.be\/wp-content\/uploads\/2015\/09\/Production_tableau.jpg\" alt=\"Production_tableau\" width=\"3544\" height=\"2212\" srcset=\"https:\/\/photographie.heaj.be\/wp-content\/uploads\/2015\/09\/Production_tableau.jpg 3544w, https:\/\/photographie.heaj.be\/wp-content\/uploads\/2015\/09\/Production_tableau-300x187.jpg 300w, https:\/\/photographie.heaj.be\/wp-content\/uploads\/2015\/09\/Production_tableau-768x479.jpg 768w, https:\/\/photographie.heaj.be\/wp-content\/uploads\/2015\/09\/Production_tableau-1024x639.jpg 1024w\" sizes=\"auto, (max-width: 3544px) 100vw, 3544px\" \/><\/a><\/p>\n","protected":false},"excerpt":{"rendered":"<p>&nbsp; Voici le lien vous donnant acc\u00e8s au planning de l&rsquo;UE1.50 : UE150_Planning cours Important : Des changements de planning\u00a0peuvent appara\u00eetre en cours d&rsquo;ann\u00e9e. L&rsquo;information vous sera alors communiqu\u00e9e lors de nos rencontres au laboratoire.<\/p>\n","protected":false},"author":1,"featured_media":0,"parent":0,"menu_order":0,"comment_status":"closed","ping_status":"closed","template":"","meta":{"footnotes":""},"class_list":["post-1030","page","type-page","status-publish","hentry"],"_links":{"self":[{"href":"https:\/\/photographie.heaj.be\/index.php?rest_route=\/wp\/v2\/pages\/1030","targetHints":{"allow":["GET"]}}],"collection":[{"href":"https:\/\/photographie.heaj.be\/index.php?rest_route=\/wp\/v2\/pages"}],"about":[{"href":"https:\/\/photographie.heaj.be\/index.php?rest_route=\/wp\/v2\/types\/page"}],"author":[{"embeddable":true,"href":"https:\/\/photographie.heaj.be\/index.php?rest_route=\/wp\/v2\/users\/1"}],"replies":[{"embeddable":true,"href":"https:\/\/photographie.heaj.be\/index.php?rest_route=%2Fwp%2Fv2%2Fcomments&post=1030"}],"version-history":[{"count":15,"href":"https:\/\/photographie.heaj.be\/index.php?rest_route=\/wp\/v2\/pages\/1030\/revisions"}],"predecessor-version":[{"id":2310,"href":"https:\/\/photographie.heaj.be\/index.php?rest_route=\/wp\/v2\/pages\/1030\/revisions\/2310"}],"wp:attachment":[{"href":"https:\/\/photographie.heaj.be\/index.php?rest_route=%2Fwp%2Fv2%2Fmedia&parent=1030"}],"curies":[{"name":"wp","href":"https:\/\/api.w.org\/{rel}","templated":true}]}}